{"id":388,"date":"2019-03-04T18:28:23","date_gmt":"2019-03-04T17:28:23","guid":{"rendered":"https:\/\/praxisdrmedmichaelgro.live-website.com\/?page_id=388"},"modified":"2021-04-13T08:33:34","modified_gmt":"2021-04-13T07:33:34","slug":"kontakt","status":"publish","type":"page","link":"https:\/\/arzt-nandlstadt.de\/?page_id=388","title":{"rendered":"Anfahrt"},"content":{"rendered":"\t\t<div data-elementor-type=\"wp-post\" data-elementor-id=\"388\" class=\"elementor elementor-388\">\n\t\t\t\t\t\t<section class=\"elementor-section elementor-top-section elementor-element elementor-element-6cb2f43 elementor-section-boxed elementor-section-height-default elementor-section-height-default\" data-id=\"6cb2f43\" data-element_type=\"section\" data-e-type=\"section\">\n\t\t\t\t\t\t<div class=\"elementor-container elementor-column-gap-default\">\n\t\t\t\t\t<div class=\"elementor-column elementor-col-100 elementor-top-column elementor-element elementor-element-c2ba298\" data-id=\"c2ba298\" data-element_type=\"column\" data-e-type=\"column\">\n\t\t\t<div class=\"elementor-widget-wrap elementor-element-populated\">\n\t\t\t\t\t\t<div class=\"elementor-element elementor-element-e5f2e84 elementor-widget elementor-widget-text-editor\" data-id=\"e5f2e84\" data-element_type=\"widget\" data-e-type=\"widget\" data-widget_type=\"text-editor.default\">\n\t\t\t\t<div class=\"elementor-widget-container\">\n\t\t\t\t\t\t\t\t\t<p><span style=\"color: #000000;\">Sie finden unsere Praxis in der <strong>Marktstra\u00dfe 15, 85405<\/strong> <strong>Nandlstadt<\/strong>. Der Eingang liegt an der Zeilerbergstra\u00dfe. Parkpl\u00e4tze sind in unmittelbarer N\u00e4he hinter der Kirche. \u00a0<\/span><\/p>\t\t\t\t\t\t\t\t<\/div>\n\t\t\t\t<\/div>\n\t\t\t\t\t<\/div>\n\t\t<\/div>\n\t\t\t\t\t<\/div>\n\t\t<\/section>\n\t\t\t\t<section class=\"elementor-section elementor-top-section elementor-element elementor-element-b2051bb elementor-section-boxed elementor-section-height-default elementor-section-height-default\" data-id=\"b2051bb\" data-element_type=\"section\" data-e-type=\"section\">\n\t\t\t\t\t\t<div class=\"elementor-container elementor-column-gap-default\">\n\t\t\t\t\t<div class=\"elementor-column elementor-col-100 elementor-top-column elementor-element elementor-element-edc2750\" data-id=\"edc2750\" data-element_type=\"column\" data-e-type=\"column\">\n\t\t\t<div class=\"elementor-widget-wrap elementor-element-populated\">\n\t\t\t\t\t\t<div class=\"elementor-element elementor-element-dc0f123 elementor-widget elementor-widget-google_maps\" data-id=\"dc0f123\" data-element_type=\"widget\" data-e-type=\"widget\" data-widget_type=\"google_maps.default\">\n\t\t\t\t<div class=\"elementor-widget-container\">\n\t\t\t\t\t\t\t<div class=\"elementor-custom-embed\">\n\t\t\t<iframe loading=\"lazy\"\n\t\t\t\t\tsrc=\"https:\/\/maps.google.com\/maps?q=Nandlstadt%2C%20Marktstrasse%2015%2C%20Praxis&#038;t=m&#038;z=18&#038;output=embed&#038;iwloc=near\"\n\t\t\t\t\ttitle=\"Nandlstadt, Marktstrasse 15, Praxis\"\n\t\t\t\t\taria-label=\"Nandlstadt, Marktstrasse 15, Praxis\"\n\t\t\t><\/iframe>\n\t\t<\/div>\n\t\t\t\t\t\t<\/div>\n\t\t\t\t<\/div>\n\t\t\t\t\t<\/div>\n\t\t<\/div>\n\t\t\t\t\t<\/div>\n\t\t<\/section>\n\t\t\t\t<section class=\"elementor-section elementor-top-section elementor-element elementor-element-a4dbe88 elementor-section-boxed elementor-section-height-default elementor-section-height-default\" data-id=\"a4dbe88\" data-element_type=\"section\" data-e-type=\"section\">\n\t\t\t\t\t\t<div class=\"elementor-container elementor-column-gap-default\">\n\t\t\t\t\t<div class=\"elementor-column elementor-col-100 elementor-top-column elementor-element elementor-element-85c2f68\" data-id=\"85c2f68\" data-element_type=\"column\" data-e-type=\"column\">\n\t\t\t<div class=\"elementor-widget-wrap elementor-element-populated\">\n\t\t\t\t\t\t<div class=\"elementor-element elementor-element-4fbe6c5 elementor-widget elementor-widget-image\" data-id=\"4fbe6c5\" data-element_type=\"widget\" data-e-type=\"widget\" data-widget_type=\"image.default\">\n\t\t\t\t<div class=\"elementor-widget-container\">\n\t\t\t\t\t\t\t\t\t\t\t\t\t\t\t<img decoding=\"async\" src=\"https:\/\/arzt-nandlstadt.de\/wp-content\/uploads\/elementor\/thumbs\/Anfahrt-Kirche-r2-o66gnyri4z3r7wuio2oe201s9t8drvdpq1whdyrxj8.jpg\" title=\"Anfahrt-Kirche-r2\" alt=\"Anfahrt-Kirche-r2\" loading=\"lazy\" \/>\t\t\t\t\t\t\t\t\t\t\t\t\t\t\t<\/div>\n\t\t\t\t<\/div>\n\t\t\t\t\t<\/div>\n\t\t<\/div>\n\t\t\t\t\t<\/div>\n\t\t<\/section>\n\t\t\t\t<\/div>\n\t\t","protected":false},"excerpt":{"rendered":"<p>Sie finden unsere Praxis in der Marktstra\u00dfe 15, 85405 Nandlstadt. Der Eingang liegt an der Zeilerbergstra\u00dfe. Parkpl\u00e4tze sind in unmittelbarer N\u00e4he hinter der Kirche. &nbsp;<\/p>\n","protected":false},"author":1,"featured_media":0,"parent":0,"menu_order":0,"comment_status":"closed","ping_status":"closed","template":"","meta":{"ocean_post_layout":"full-width","ocean_both_sidebars_style":"","ocean_both_sidebars_content_width":0,"ocean_both_sidebars_sidebars_width":0,"ocean_sidebar":"0","ocean_second_sidebar":"0","ocean_disable_margins":"enable","ocean_add_body_class":"","ocean_shortcode_before_top_bar":"","ocean_shortcode_after_top_bar":"","ocean_shortcode_before_header":"","ocean_shortcode_after_header":"","ocean_has_shortcode":"","ocean_shortcode_after_title":"","ocean_shortcode_before_footer_widgets":"","ocean_shortcode_after_footer_widgets":"","ocean_shortcode_before_footer_bottom":"","ocean_shortcode_after_footer_bottom":"","ocean_display_top_bar":"default","ocean_display_header":"default","ocean_header_style":"","ocean_center_header_left_menu":"0","ocean_custom_header_template":"0","ocean_custom_logo":0,"ocean_custom_retina_logo":0,"ocean_custom_logo_max_width":0,"ocean_custom_logo_tablet_max_width":0,"ocean_custom_logo_mobile_max_width":0,"ocean_custom_logo_max_height":0,"ocean_custom_logo_tablet_max_height":0,"ocean_custom_logo_mobile_max_height":0,"ocean_header_custom_menu":"0","ocean_menu_typo_font_family":"0","ocean_menu_typo_font_subset":"","ocean_menu_typo_font_size":0,"ocean_menu_typo_font_size_tablet":0,"ocean_menu_typo_font_size_mobile":0,"ocean_menu_typo_font_size_unit":"px","ocean_menu_typo_font_weight":"","ocean_menu_typo_font_weight_tablet":"","ocean_menu_typo_font_weight_mobile":"","ocean_menu_typo_transform":"","ocean_menu_typo_transform_tablet":"","ocean_menu_typo_transform_mobile":"","ocean_menu_typo_line_height":0,"ocean_menu_typo_line_height_tablet":0,"ocean_menu_typo_line_height_mobile":0,"ocean_menu_typo_line_height_unit":"","ocean_menu_typo_spacing":0,"ocean_menu_typo_spacing_tablet":0,"ocean_menu_typo_spacing_mobile":0,"ocean_menu_typo_spacing_unit":"","ocean_menu_link_color":"","ocean_menu_link_color_hover":"","ocean_menu_link_color_active":"","ocean_menu_link_background":"","ocean_menu_link_hover_background":"","ocean_menu_link_active_background":"","ocean_menu_social_links_bg":"","ocean_menu_social_hover_links_bg":"","ocean_menu_social_links_color":"","ocean_menu_social_hover_links_color":"","ocean_disable_title":"default","ocean_disable_heading":"default","ocean_post_title":"","ocean_post_subheading":"","ocean_post_title_style":"","ocean_post_title_background_color":"","ocean_post_title_background":0,"ocean_post_title_bg_image_position":"","ocean_post_title_bg_image_attachment":"","ocean_post_title_bg_image_repeat":"","ocean_post_title_bg_image_size":"","ocean_post_title_height":0,"ocean_post_title_bg_overlay":0.5,"ocean_post_title_bg_overlay_color":"","ocean_disable_breadcrumbs":"off","ocean_breadcrumbs_color":"","ocean_breadcrumbs_separator_color":"","ocean_breadcrumbs_links_color":"","ocean_breadcrumbs_links_hover_color":"","ocean_display_footer_widgets":"on","ocean_display_footer_bottom":"default","ocean_custom_footer_template":"0","footnotes":""},"class_list":["post-388","page","type-page","status-publish","hentry","entry"],"yoast_head":"<!-- This site is optimized with the Yoast SEO plugin v27.5 - https:\/\/yoast.com\/product\/yoast-seo-wordpress\/ -->\n<title>Anfahrt - Praxis Carola Strobel<\/title>\n<meta name=\"robots\" content=\"index, follow, max-snippet:-1, max-image-preview:large, max-video-preview:-1\" \/>\n<link rel=\"canonical\" href=\"https:\/\/arzt-nandlstadt.de\/?page_id=388\" \/>\n<meta property=\"og:locale\" content=\"de_DE\" \/>\n<meta property=\"og:type\" content=\"article\" \/>\n<meta property=\"og:title\" content=\"Anfahrt - Praxis Carola Strobel\" \/>\n<meta property=\"og:description\" content=\"Sie finden unsere Praxis in der Marktstra\u00dfe 15, 85405 Nandlstadt. Der Eingang liegt an der Zeilerbergstra\u00dfe. Parkpl\u00e4tze sind in unmittelbarer N\u00e4he hinter der Kirche. &nbsp;\" \/>\n<meta property=\"og:url\" content=\"https:\/\/arzt-nandlstadt.de\/?page_id=388\" \/>\n<meta property=\"og:site_name\" content=\"Praxis Carola Strobel\" \/>\n<meta property=\"article:modified_time\" content=\"2021-04-13T07:33:34+00:00\" \/>\n<meta property=\"og:image\" content=\"https:\/\/arzt-nandlstadt.de\/wp-content\/uploads\/elementor\/thumbs\/Anfahrt-Kirche-r2-o66gnyri4z3r7wuio2oe201s9t8drvdpq1whdyrxj8.jpg\" \/>\n<meta name=\"twitter:card\" content=\"summary_large_image\" \/>\n<script type=\"application\/ld+json\" class=\"yoast-schema-graph\">{\"@context\":\"https:\\\/\\\/schema.org\",\"@graph\":[{\"@type\":\"WebPage\",\"@id\":\"https:\\\/\\\/arzt-nandlstadt.de\\\/?page_id=388\",\"url\":\"https:\\\/\\\/arzt-nandlstadt.de\\\/?page_id=388\",\"name\":\"Anfahrt - Praxis Carola Strobel\",\"isPartOf\":{\"@id\":\"https:\\\/\\\/arzt-nandlstadt.de\\\/#website\"},\"primaryImageOfPage\":{\"@id\":\"https:\\\/\\\/arzt-nandlstadt.de\\\/?page_id=388#primaryimage\"},\"image\":{\"@id\":\"https:\\\/\\\/arzt-nandlstadt.de\\\/?page_id=388#primaryimage\"},\"thumbnailUrl\":\"https:\\\/\\\/arzt-nandlstadt.de\\\/wp-content\\\/uploads\\\/elementor\\\/thumbs\\\/Anfahrt-Kirche-r2-o66gnyri4z3r7wuio2oe201s9t8drvdpq1whdyrxj8.jpg\",\"datePublished\":\"2019-03-04T17:28:23+00:00\",\"dateModified\":\"2021-04-13T07:33:34+00:00\",\"breadcrumb\":{\"@id\":\"https:\\\/\\\/arzt-nandlstadt.de\\\/?page_id=388#breadcrumb\"},\"inLanguage\":\"de\",\"potentialAction\":[{\"@type\":\"ReadAction\",\"target\":[\"https:\\\/\\\/arzt-nandlstadt.de\\\/?page_id=388\"]}]},{\"@type\":\"ImageObject\",\"inLanguage\":\"de\",\"@id\":\"https:\\\/\\\/arzt-nandlstadt.de\\\/?page_id=388#primaryimage\",\"url\":\"https:\\\/\\\/arzt-nandlstadt.de\\\/wp-content\\\/uploads\\\/elementor\\\/thumbs\\\/Anfahrt-Kirche-r2-o66gnyri4z3r7wuio2oe201s9t8drvdpq1whdyrxj8.jpg\",\"contentUrl\":\"https:\\\/\\\/arzt-nandlstadt.de\\\/wp-content\\\/uploads\\\/elementor\\\/thumbs\\\/Anfahrt-Kirche-r2-o66gnyri4z3r7wuio2oe201s9t8drvdpq1whdyrxj8.jpg\"},{\"@type\":\"BreadcrumbList\",\"@id\":\"https:\\\/\\\/arzt-nandlstadt.de\\\/?page_id=388#breadcrumb\",\"itemListElement\":[{\"@type\":\"ListItem\",\"position\":1,\"name\":\"Startseite\",\"item\":\"https:\\\/\\\/arzt-nandlstadt.de\\\/\"},{\"@type\":\"ListItem\",\"position\":2,\"name\":\"Anfahrt\"}]},{\"@type\":\"WebSite\",\"@id\":\"https:\\\/\\\/arzt-nandlstadt.de\\\/#website\",\"url\":\"https:\\\/\\\/arzt-nandlstadt.de\\\/\",\"name\":\"Praxis Carola Strobel\",\"description\":\"Hausarztpraxis in 85405 Nandlstadt  - Fach\u00e4rztin f\u00fcr Allgemeinmedizin\",\"publisher\":{\"@id\":\"https:\\\/\\\/arzt-nandlstadt.de\\\/#organization\"},\"potentialAction\":[{\"@type\":\"SearchAction\",\"target\":{\"@type\":\"EntryPoint\",\"urlTemplate\":\"https:\\\/\\\/arzt-nandlstadt.de\\\/?s={search_term_string}\"},\"query-input\":{\"@type\":\"PropertyValueSpecification\",\"valueRequired\":true,\"valueName\":\"search_term_string\"}}],\"inLanguage\":\"de\"},{\"@type\":\"Organization\",\"@id\":\"https:\\\/\\\/arzt-nandlstadt.de\\\/#organization\",\"name\":\"Praxis Dr. med. Michael Gro\u00dfe-Hering\",\"url\":\"https:\\\/\\\/arzt-nandlstadt.de\\\/\",\"logo\":{\"@type\":\"ImageObject\",\"inLanguage\":\"de\",\"@id\":\"https:\\\/\\\/arzt-nandlstadt.de\\\/#\\\/schema\\\/logo\\\/image\\\/\",\"url\":\"https:\\\/\\\/arzt-nandlstadt.de\\\/wp-content\\\/uploads\\\/2019\\\/02\\\/cropped-Logofarbe-e1550183485440.png\",\"contentUrl\":\"https:\\\/\\\/arzt-nandlstadt.de\\\/wp-content\\\/uploads\\\/2019\\\/02\\\/cropped-Logofarbe-e1550183485440.png\",\"width\":512,\"height\":512,\"caption\":\"Praxis Dr. med. Michael Gro\u00dfe-Hering\"},\"image\":{\"@id\":\"https:\\\/\\\/arzt-nandlstadt.de\\\/#\\\/schema\\\/logo\\\/image\\\/\"}}]}<\/script>\n<!-- \/ Yoast SEO plugin. -->","yoast_head_json":{"title":"Anfahrt - Praxis Carola Strobel","robots":{"index":"index","follow":"follow","max-snippet":"max-snippet:-1","max-image-preview":"max-image-preview:large","max-video-preview":"max-video-preview:-1"},"canonical":"https:\/\/arzt-nandlstadt.de\/?page_id=388","og_locale":"de_DE","og_type":"article","og_title":"Anfahrt - Praxis Carola Strobel","og_description":"Sie finden unsere Praxis in der Marktstra\u00dfe 15, 85405 Nandlstadt. Der Eingang liegt an der Zeilerbergstra\u00dfe. Parkpl\u00e4tze sind in unmittelbarer N\u00e4he hinter der Kirche. &nbsp;","og_url":"https:\/\/arzt-nandlstadt.de\/?page_id=388","og_site_name":"Praxis Carola Strobel","article_modified_time":"2021-04-13T07:33:34+00:00","og_image":[{"url":"https:\/\/arzt-nandlstadt.de\/wp-content\/uploads\/elementor\/thumbs\/Anfahrt-Kirche-r2-o66gnyri4z3r7wuio2oe201s9t8drvdpq1whdyrxj8.jpg","type":"","width":"","height":""}],"twitter_card":"summary_large_image","schema":{"@context":"https:\/\/schema.org","@graph":[{"@type":"WebPage","@id":"https:\/\/arzt-nandlstadt.de\/?page_id=388","url":"https:\/\/arzt-nandlstadt.de\/?page_id=388","name":"Anfahrt - Praxis Carola Strobel","isPartOf":{"@id":"https:\/\/arzt-nandlstadt.de\/#website"},"primaryImageOfPage":{"@id":"https:\/\/arzt-nandlstadt.de\/?page_id=388#primaryimage"},"image":{"@id":"https:\/\/arzt-nandlstadt.de\/?page_id=388#primaryimage"},"thumbnailUrl":"https:\/\/arzt-nandlstadt.de\/wp-content\/uploads\/elementor\/thumbs\/Anfahrt-Kirche-r2-o66gnyri4z3r7wuio2oe201s9t8drvdpq1whdyrxj8.jpg","datePublished":"2019-03-04T17:28:23+00:00","dateModified":"2021-04-13T07:33:34+00:00","breadcrumb":{"@id":"https:\/\/arzt-nandlstadt.de\/?page_id=388#breadcrumb"},"inLanguage":"de","potentialAction":[{"@type":"ReadAction","target":["https:\/\/arzt-nandlstadt.de\/?page_id=388"]}]},{"@type":"ImageObject","inLanguage":"de","@id":"https:\/\/arzt-nandlstadt.de\/?page_id=388#primaryimage","url":"https:\/\/arzt-nandlstadt.de\/wp-content\/uploads\/elementor\/thumbs\/Anfahrt-Kirche-r2-o66gnyri4z3r7wuio2oe201s9t8drvdpq1whdyrxj8.jpg","contentUrl":"https:\/\/arzt-nandlstadt.de\/wp-content\/uploads\/elementor\/thumbs\/Anfahrt-Kirche-r2-o66gnyri4z3r7wuio2oe201s9t8drvdpq1whdyrxj8.jpg"},{"@type":"BreadcrumbList","@id":"https:\/\/arzt-nandlstadt.de\/?page_id=388#breadcrumb","itemListElement":[{"@type":"ListItem","position":1,"name":"Startseite","item":"https:\/\/arzt-nandlstadt.de\/"},{"@type":"ListItem","position":2,"name":"Anfahrt"}]},{"@type":"WebSite","@id":"https:\/\/arzt-nandlstadt.de\/#website","url":"https:\/\/arzt-nandlstadt.de\/","name":"Praxis Carola Strobel","description":"Hausarztpraxis in 85405 Nandlstadt  - Fach\u00e4rztin f\u00fcr Allgemeinmedizin","publisher":{"@id":"https:\/\/arzt-nandlstadt.de\/#organization"},"potentialAction":[{"@type":"SearchAction","target":{"@type":"EntryPoint","urlTemplate":"https:\/\/arzt-nandlstadt.de\/?s={search_term_string}"},"query-input":{"@type":"PropertyValueSpecification","valueRequired":true,"valueName":"search_term_string"}}],"inLanguage":"de"},{"@type":"Organization","@id":"https:\/\/arzt-nandlstadt.de\/#organization","name":"Praxis Dr. med. Michael Gro\u00dfe-Hering","url":"https:\/\/arzt-nandlstadt.de\/","logo":{"@type":"ImageObject","inLanguage":"de","@id":"https:\/\/arzt-nandlstadt.de\/#\/schema\/logo\/image\/","url":"https:\/\/arzt-nandlstadt.de\/wp-content\/uploads\/2019\/02\/cropped-Logofarbe-e1550183485440.png","contentUrl":"https:\/\/arzt-nandlstadt.de\/wp-content\/uploads\/2019\/02\/cropped-Logofarbe-e1550183485440.png","width":512,"height":512,"caption":"Praxis Dr. med. Michael Gro\u00dfe-Hering"},"image":{"@id":"https:\/\/arzt-nandlstadt.de\/#\/schema\/logo\/image\/"}}]}},"_links":{"self":[{"href":"https:\/\/arzt-nandlstadt.de\/index.php?rest_route=\/wp\/v2\/pages\/388","targetHints":{"allow":["GET"]}}],"collection":[{"href":"https:\/\/arzt-nandlstadt.de\/index.php?rest_route=\/wp\/v2\/pages"}],"about":[{"href":"https:\/\/arzt-nandlstadt.de\/index.php?rest_route=\/wp\/v2\/types\/page"}],"author":[{"embeddable":true,"href":"https:\/\/arzt-nandlstadt.de\/index.php?rest_route=\/wp\/v2\/users\/1"}],"replies":[{"embeddable":true,"href":"https:\/\/arzt-nandlstadt.de\/index.php?rest_route=%2Fwp%2Fv2%2Fcomments&post=388"}],"version-history":[{"count":1,"href":"https:\/\/arzt-nandlstadt.de\/index.php?rest_route=\/wp\/v2\/pages\/388\/revisions"}],"predecessor-version":[{"id":1023,"href":"https:\/\/arzt-nandlstadt.de\/index.php?rest_route=\/wp\/v2\/pages\/388\/revisions\/1023"}],"wp:attachment":[{"href":"https:\/\/arzt-nandlstadt.de\/index.php?rest_route=%2Fwp%2Fv2%2Fmedia&parent=388"}],"curies":[{"name":"wp","href":"https:\/\/api.w.org\/{rel}","templated":true}]}}