{"id":346,"date":"2019-02-24T23:03:55","date_gmt":"2019-02-24T22:03:55","guid":{"rendered":"https:\/\/praxisdrmedmichaelgro.live-website.com\/?page_id=346"},"modified":"2021-05-12T11:42:44","modified_gmt":"2021-05-12T10:42:44","slug":"leistungen","status":"publish","type":"page","link":"https:\/\/arzt-nandlstadt.de\/?page_id=346","title":{"rendered":"Leistungen"},"content":{"rendered":"\t\t<div data-elementor-type=\"wp-post\" data-elementor-id=\"346\" class=\"elementor elementor-346\">\n\t\t\t\t\t\t<section class=\"elementor-section elementor-top-section elementor-element elementor-element-fde0584 elementor-section-boxed elementor-section-height-default elementor-section-height-default\" data-id=\"fde0584\" data-element_type=\"section\" data-e-type=\"section\">\n\t\t\t\t\t\t<div class=\"elementor-container elementor-column-gap-default\">\n\t\t\t\t\t<div class=\"elementor-column elementor-col-100 elementor-top-column elementor-element elementor-element-fbcd52d\" data-id=\"fbcd52d\" data-element_type=\"column\" data-e-type=\"column\">\n\t\t\t<div class=\"elementor-widget-wrap elementor-element-populated\">\n\t\t\t\t\t\t<section class=\"elementor-section elementor-inner-section elementor-element elementor-element-a299aa2 elementor-section-boxed elementor-section-height-default elementor-section-height-default\" data-id=\"a299aa2\" data-element_type=\"section\" data-e-type=\"section\">\n\t\t\t\t\t\t<div class=\"elementor-container elementor-column-gap-default\">\n\t\t\t\t\t<div class=\"elementor-column elementor-col-100 elementor-inner-column elementor-element elementor-element-c7841a6\" data-id=\"c7841a6\" data-element_type=\"column\" data-e-type=\"column\">\n\t\t\t<div class=\"elementor-widget-wrap elementor-element-populated\">\n\t\t\t\t\t\t<div class=\"elementor-element elementor-element-8197411 elementor-widget elementor-widget-heading\" data-id=\"8197411\" data-element_type=\"widget\" data-e-type=\"widget\" data-widget_type=\"heading.default\">\n\t\t\t\t<div class=\"elementor-widget-container\">\n\t\t\t\t\t<h2 class=\"elementor-heading-title elementor-size-default\">Haus\u00e4rztliche Versorgung<\/h2>\t\t\t\t<\/div>\n\t\t\t\t<\/div>\n\t\t\t\t<div class=\"elementor-element elementor-element-8984f0c elementor-widget elementor-widget-image\" data-id=\"8984f0c\" data-element_type=\"widget\" data-e-type=\"widget\" data-widget_type=\"image.default\">\n\t\t\t\t<div class=\"elementor-widget-container\">\n\t\t\t\t\t\t\t\t\t\t\t\t\t\t\t<img decoding=\"async\" src=\"https:\/\/arzt-nandlstadt.de\/wp-content\/uploads\/elementor\/thumbs\/B3A9063-e1556308906584-o6ydtnlvoi1032vg1jx5np6pbdji4b1yxx8rj9en5k.jpg\" title=\"_B3A9063\" alt=\"_B3A9063\" loading=\"lazy\" \/>\t\t\t\t\t\t\t\t\t\t\t\t\t\t\t<\/div>\n\t\t\t\t<\/div>\n\t\t\t\t\t<\/div>\n\t\t<\/div>\n\t\t\t\t\t<\/div>\n\t\t<\/section>\n\t\t\t\t<div class=\"elementor-element elementor-element-dc13583 elementor-widget elementor-widget-text-editor\" data-id=\"dc13583\" data-element_type=\"widget\" data-e-type=\"widget\" data-widget_type=\"text-editor.default\">\n\t\t\t\t<div class=\"elementor-widget-container\">\n\t\t\t\t\t\t\t\t\t<span style=\"color: #000000;\">In unserer Hausarztpraxis sind wir f\u00fcr Sie zu den Sprechzeiten und nach Vereinbarung erreichbar. Im Not- und Bedarfsfall kommen wir zu Ihnen nach Hause. Hausbesuche sind f\u00fcr Patienten gedacht, die auf Grund ihrer Erkrankung keine M\u00f6glichkeit haben in die Praxis zu kommen. Visiten im Seniorenheim Sch\u00f6nblick in Nandlstadt finden einmal w\u00f6chentlich und im Akutfall statt.<\/span>\t\t\t\t\t\t\t\t<\/div>\n\t\t\t\t<\/div>\n\t\t\t\t<div class=\"elementor-element elementor-element-5715340 elementor-widget elementor-widget-heading\" data-id=\"5715340\" data-element_type=\"widget\" data-e-type=\"widget\" data-widget_type=\"heading.default\">\n\t\t\t\t<div class=\"elementor-widget-container\">\n\t\t\t\t\t<h1 class=\"elementor-heading-title elementor-size-default\">Haus\u00e4rztliche Leistungen:<\/h1>\t\t\t\t<\/div>\n\t\t\t\t<\/div>\n\t\t\t\t<div class=\"elementor-element elementor-element-6beb893 elementor-widget elementor-widget-text-editor\" data-id=\"6beb893\" data-element_type=\"widget\" data-e-type=\"widget\" data-widget_type=\"text-editor.default\">\n\t\t\t\t<div class=\"elementor-widget-container\">\n\t\t\t\t\t\t\t\t\t<ul><li><span style=\"color: #000000;\">Gesundheitsuntersuchungen<\/span><\/li><li><span style=\"color: #000000;\">Vorsorgeuntersuchungen<\/span><\/li><li><span style=\"color: #000000;\">Hautkrebs-Screening<br \/><\/span><\/li><li><span style=\"color: #000000;\">Jugendschutzuntersuchungen<\/span><\/li><li><span style=\"color: #000000;\">Pr\u00e4operative Untersuchungen<\/span><\/li><li><span style=\"color: #000000;\">Laboruntersuchungen<\/span><\/li><li><span style=\"color: #000000;\">Kleine Chirurgie<\/span><\/li><li><span style=\"color: #000000;\">Impfungen<\/span><\/li><li><span style=\"color: #000000;\">Reiseimpfungen (teils keine Kassenleistung)<\/span><\/li><li><span style=\"color: #000000;\">Antragstellung auf Rehabilitation oder Rente<\/span><\/li><li><span style=\"color: #000000;\">Disease Management Programme (DMP):<\/span><ul><li><span style=\"color: #000000;\">Diabetes mellitus Typ 2<\/span><\/li><li><span style=\"color: #000000;\">Koronare Herzerkrankung (KHK)<br \/><\/span><\/li><li><span style=\"color: #000000;\">Asthma bronchiale <\/span><\/li><li><span style=\"color: #000000;\">Chronisch obstruktive Lungenerkrankung (COPD)<br \/><\/span><\/li><\/ul><\/li><\/ul>\t\t\t\t\t\t\t\t<\/div>\n\t\t\t\t<\/div>\n\t\t\t\t\t<\/div>\n\t\t<\/div>\n\t\t\t\t\t<\/div>\n\t\t<\/section>\n\t\t\t\t<section class=\"elementor-section elementor-top-section elementor-element elementor-element-89b4a91 elementor-section-boxed elementor-section-height-default elementor-section-height-default\" data-id=\"89b4a91\" data-element_type=\"section\" data-e-type=\"section\">\n\t\t\t\t\t\t<div class=\"elementor-container elementor-column-gap-default\">\n\t\t\t\t\t<div class=\"elementor-column elementor-col-100 elementor-top-column elementor-element elementor-element-21a0ffc\" data-id=\"21a0ffc\" data-element_type=\"column\" data-e-type=\"column\">\n\t\t\t<div class=\"elementor-widget-wrap elementor-element-populated\">\n\t\t\t\t\t\t<div class=\"elementor-element elementor-element-d1423e6 elementor-widget elementor-widget-menu-anchor\" data-id=\"d1423e6\" data-element_type=\"widget\" data-e-type=\"widget\" data-widget_type=\"menu-anchor.default\">\n\t\t\t\t<div class=\"elementor-widget-container\">\n\t\t\t\t\t\t\t<div class=\"elementor-menu-anchor\" id=\"Vorsorge\"><\/div>\n\t\t\t\t\t\t<\/div>\n\t\t\t\t<\/div>\n\t\t\t\t<div class=\"elementor-element elementor-element-d9f72a5 elementor-widget elementor-widget-heading\" data-id=\"d9f72a5\" data-element_type=\"widget\" data-e-type=\"widget\" data-widget_type=\"heading.default\">\n\t\t\t\t<div class=\"elementor-widget-container\">\n\t\t\t\t\t<h2 class=\"elementor-heading-title elementor-size-default\">Spezielle Diagnostik<\/h2>\t\t\t\t<\/div>\n\t\t\t\t<\/div>\n\t\t\t\t<div class=\"elementor-element elementor-element-9f22eee elementor-widget elementor-widget-image\" data-id=\"9f22eee\" data-element_type=\"widget\" data-e-type=\"widget\" data-widget_type=\"image.default\">\n\t\t\t\t<div class=\"elementor-widget-container\">\n\t\t\t\t\t\t\t\t\t\t\t\t\t\t\t<img decoding=\"async\" src=\"https:\/\/arzt-nandlstadt.de\/wp-content\/uploads\/elementor\/thumbs\/Diagnose-03-o61h6ttkltqi3hrpk86yih7fsmbq4k3tjq4r5ea6k8.jpg\" title=\"Diagnose-03\" alt=\"Diagnose-03\" loading=\"lazy\" \/>\t\t\t\t\t\t\t\t\t\t\t\t\t\t\t<\/div>\n\t\t\t\t<\/div>\n\t\t\t\t<div class=\"elementor-element elementor-element-88953d5 elementor-widget elementor-widget-text-editor\" data-id=\"88953d5\" data-element_type=\"widget\" data-e-type=\"widget\" data-widget_type=\"text-editor.default\">\n\t\t\t\t<div class=\"elementor-widget-container\">\n\t\t\t\t\t\t\t\t\t<div class=\"row\"><div class=\"col-xs-12 col-sm-7\"><ul><li><span style=\"color: #000000;\">EKG<\/span><\/li><li><span style=\"color: #000000;\">Belastungs-EKG<\/span><\/li><li><span style=\"color: #000000;\">Langzeit-EKG<\/span><\/li><li><span style=\"color: #000000;\">Langzeit-Blutdruckmessung<\/span><\/li><li><span style=\"color: #000000;\">Lungenfunktionstest<\/span><\/li><li><span style=\"color: #000000;\">Audiometrie (H\u00f6rtest)<\/span><\/li><li><span style=\"color: #000000;\">Troponin Schnelltest zur Herzinfarktdiagnostik<\/span><\/li><li><span style=\"color: #000000;\">D-Dimer Schnelltest zur Thrombosediagnostik<\/span><\/li><li><span style=\"color: #000000;\">Farbdopplersonographie<\/span><ul><li><span style=\"color: #000000;\">Bauchraum<\/span><\/li><li><span style=\"color: #000000;\">Schilddr\u00fcse<\/span><\/li><\/ul><\/li><li><span style=\"color: #000000;\">Karotisdoppler und Altersbestimmung der Gef\u00e4\u00dfe (teils keine Kassenleistung)<\/span><\/li><li><span style=\"color: #000000;\">Gef\u00e4\u00dfdoppler<\/span><\/li><\/ul><\/div><\/div>\t\t\t\t\t\t\t\t<\/div>\n\t\t\t\t<\/div>\n\t\t\t\t\t<\/div>\n\t\t<\/div>\n\t\t\t\t\t<\/div>\n\t\t<\/section>\n\t\t\t\t<section class=\"elementor-section elementor-top-section elementor-element elementor-element-9ab5041 elementor-section-boxed elementor-section-height-default elementor-section-height-default\" data-id=\"9ab5041\" data-element_type=\"section\" data-e-type=\"section\">\n\t\t\t\t\t\t<div class=\"elementor-container elementor-column-gap-default\">\n\t\t\t\t\t<div class=\"elementor-column elementor-col-100 elementor-top-column elementor-element elementor-element-a820065\" data-id=\"a820065\" data-element_type=\"column\" data-e-type=\"column\">\n\t\t\t<div class=\"elementor-widget-wrap elementor-element-populated\">\n\t\t\t\t\t\t<div class=\"elementor-element elementor-element-d426304 elementor-widget elementor-widget-menu-anchor\" data-id=\"d426304\" data-element_type=\"widget\" data-e-type=\"widget\" data-widget_type=\"menu-anchor.default\">\n\t\t\t\t<div class=\"elementor-widget-container\">\n\t\t\t\t\t\t\t<div class=\"elementor-menu-anchor\" id=\"Bescheinigung\"><\/div>\n\t\t\t\t\t\t<\/div>\n\t\t\t\t<\/div>\n\t\t\t\t<div class=\"elementor-element elementor-element-243c0f6 elementor-widget elementor-widget-heading\" data-id=\"243c0f6\" data-element_type=\"widget\" data-e-type=\"widget\" data-widget_type=\"heading.default\">\n\t\t\t\t<div class=\"elementor-widget-container\">\n\t\t\t\t\t<h2 class=\"elementor-heading-title elementor-size-default\">\u00c4rztliche Bescheinigungen<\/h2>\t\t\t\t<\/div>\n\t\t\t\t<\/div>\n\t\t\t\t<div class=\"elementor-element elementor-element-778c050 elementor-widget elementor-widget-image\" data-id=\"778c050\" data-element_type=\"widget\" data-e-type=\"widget\" data-widget_type=\"image.default\">\n\t\t\t\t<div class=\"elementor-widget-container\">\n\t\t\t\t\t\t\t\t\t\t\t\t\t\t\t<img decoding=\"async\" src=\"https:\/\/arzt-nandlstadt.de\/wp-content\/uploads\/elementor\/thumbs\/Bescheinigungen-01-o61daxibfi864sz8gr7wes3oy3v2iaq0bap5stpkmw.jpg\" title=\"Bescheinigungen-01\" alt=\"Bescheinigungen-01\" loading=\"lazy\" \/>\t\t\t\t\t\t\t\t\t\t\t\t\t\t\t<\/div>\n\t\t\t\t<\/div>\n\t\t\t\t<div class=\"elementor-element elementor-element-657b4ac elementor-widget elementor-widget-text-editor\" data-id=\"657b4ac\" data-element_type=\"widget\" data-e-type=\"widget\" data-widget_type=\"text-editor.default\">\n\t\t\t\t<div class=\"elementor-widget-container\">\n\t\t\t\t\t\t\t\t\t<div class=\"row\"><div class=\"col-xs-12 col-sm-7\"><ul><li><span style=\"color: #000000;\">F\u00fchrerscheinuntersuchungen<\/span><\/li><li><span style=\"color: #000000;\">Aufkl\u00e4rung Infektionsschutzgesetz<\/span><\/li><li><span style=\"color: #000000;\">Sportuntersuchungen<\/span><\/li><li><span style=\"color: #000000;\">Tauchuntersuchung<\/span><\/li><li><span style=\"color: #000000;\">Versicherungsanfragen<\/span><\/li><\/ul><p><span style=\"color: #000000;\">Bitte beachten Sie, dass dies keine Kassenleistungen sind<\/span><\/p><\/div><\/div>\t\t\t\t\t\t\t\t<\/div>\n\t\t\t\t<\/div>\n\t\t\t\t\t<\/div>\n\t\t<\/div>\n\t\t\t\t\t<\/div>\n\t\t<\/section>\n\t\t\t\t<\/div>\n\t\t","protected":false},"excerpt":{"rendered":"<p>Haus\u00e4rztliche Versorgung In unserer Hausarztpraxis sind wir f\u00fcr Sie zu den Sprechzeiten und nach Vereinbarung erreichbar. Im Not- und Bedarfsfall kommen wir zu Ihnen nach Hause. Hausbesuche sind f\u00fcr Patienten gedacht, die auf Grund ihrer Erkrankung keine M\u00f6glichkeit haben in die Praxis zu kommen. Visiten im Seniorenheim Sch\u00f6nblick in Nandlstadt finden einmal w\u00f6chentlich und im [&hellip;]<\/p>\n","protected":false},"author":1,"featured_media":0,"parent":0,"menu_order":0,"comment_status":"closed","ping_status":"closed","template":"","meta":{"ocean_post_layout":"full-width","ocean_both_sidebars_style":"","ocean_both_sidebars_content_width":0,"ocean_both_sidebars_sidebars_width":0,"ocean_sidebar":"sidebar","ocean_second_sidebar":"0","ocean_disable_margins":"enable","ocean_add_body_class":"","ocean_shortcode_before_top_bar":"","ocean_shortcode_after_top_bar":"","ocean_shortcode_before_header":"","ocean_shortcode_after_header":"","ocean_has_shortcode":"","ocean_shortcode_after_title":"","ocean_shortcode_before_footer_widgets":"","ocean_shortcode_after_footer_widgets":"","ocean_shortcode_before_footer_bottom":"","ocean_shortcode_after_footer_bottom":"","ocean_display_top_bar":"default","ocean_display_header":"default","ocean_header_style":"","ocean_center_header_left_menu":"0","ocean_custom_header_template":"0","ocean_custom_logo":0,"ocean_custom_retina_logo":0,"ocean_custom_logo_max_width":0,"ocean_custom_logo_tablet_max_width":0,"ocean_custom_logo_mobile_max_width":0,"ocean_custom_logo_max_height":0,"ocean_custom_logo_tablet_max_height":0,"ocean_custom_logo_mobile_max_height":0,"ocean_header_custom_menu":"0","ocean_menu_typo_font_family":"0","ocean_menu_typo_font_subset":"","ocean_menu_typo_font_size":0,"ocean_menu_typo_font_size_tablet":0,"ocean_menu_typo_font_size_mobile":0,"ocean_menu_typo_font_size_unit":"px","ocean_menu_typo_font_weight":"","ocean_menu_typo_font_weight_tablet":"","ocean_menu_typo_font_weight_mobile":"","ocean_menu_typo_transform":"","ocean_menu_typo_transform_tablet":"","ocean_menu_typo_transform_mobile":"","ocean_menu_typo_line_height":0,"ocean_menu_typo_line_height_tablet":0,"ocean_menu_typo_line_height_mobile":0,"ocean_menu_typo_line_height_unit":"","ocean_menu_typo_spacing":0,"ocean_menu_typo_spacing_tablet":0,"ocean_menu_typo_spacing_mobile":0,"ocean_menu_typo_spacing_unit":"","ocean_menu_link_color":"","ocean_menu_link_color_hover":"","ocean_menu_link_color_active":"","ocean_menu_link_background":"","ocean_menu_link_hover_background":"","ocean_menu_link_active_background":"","ocean_menu_social_links_bg":"","ocean_menu_social_hover_links_bg":"","ocean_menu_social_links_color":"","ocean_menu_social_hover_links_color":"","ocean_disable_title":"default","ocean_disable_heading":"default","ocean_post_title":"","ocean_post_subheading":"","ocean_post_title_style":"","ocean_post_title_background_color":"","ocean_post_title_background":0,"ocean_post_title_bg_image_position":"","ocean_post_title_bg_image_attachment":"","ocean_post_title_bg_image_repeat":"","ocean_post_title_bg_image_size":"","ocean_post_title_height":0,"ocean_post_title_bg_overlay":0.5,"ocean_post_title_bg_overlay_color":"","ocean_disable_breadcrumbs":"off","ocean_breadcrumbs_color":"","ocean_breadcrumbs_separator_color":"","ocean_breadcrumbs_links_color":"","ocean_breadcrumbs_links_hover_color":"","ocean_display_footer_widgets":"default","ocean_display_footer_bottom":"default","ocean_custom_footer_template":"0","footnotes":""},"class_list":["post-346","page","type-page","status-publish","hentry","entry"],"yoast_head":"<!-- This site is optimized with the Yoast SEO plugin v27.5 - https:\/\/yoast.com\/product\/yoast-seo-wordpress\/ -->\n<title>Leistungen - Praxis Carola Strobel<\/title>\n<meta name=\"robots\" content=\"index, follow, max-snippet:-1, max-image-preview:large, max-video-preview:-1\" \/>\n<link rel=\"canonical\" href=\"https:\/\/arzt-nandlstadt.de\/?page_id=346\" \/>\n<meta property=\"og:locale\" content=\"de_DE\" \/>\n<meta property=\"og:type\" content=\"article\" \/>\n<meta property=\"og:title\" content=\"Leistungen - Praxis Carola Strobel\" \/>\n<meta property=\"og:description\" content=\"Haus\u00e4rztliche Versorgung In unserer Hausarztpraxis sind wir f\u00fcr Sie zu den Sprechzeiten und nach Vereinbarung erreichbar. Im Not- und Bedarfsfall kommen wir zu Ihnen nach Hause. Hausbesuche sind f\u00fcr Patienten gedacht, die auf Grund ihrer Erkrankung keine M\u00f6glichkeit haben in die Praxis zu kommen. Visiten im Seniorenheim Sch\u00f6nblick in Nandlstadt finden einmal w\u00f6chentlich und im [&hellip;]\" \/>\n<meta property=\"og:url\" content=\"https:\/\/arzt-nandlstadt.de\/?page_id=346\" \/>\n<meta property=\"og:site_name\" content=\"Praxis Carola Strobel\" \/>\n<meta property=\"article:modified_time\" content=\"2021-05-12T10:42:44+00:00\" \/>\n<meta property=\"og:image\" content=\"https:\/\/arzt-nandlstadt.de\/wp-content\/uploads\/elementor\/thumbs\/B3A9063-e1556308906584-o6ydtnlvoi1032vg1jx5np6pbdji4b1yxx8rj9en5k.jpg\" \/>\n<meta name=\"twitter:card\" content=\"summary_large_image\" \/>\n<meta name=\"twitter:label1\" content=\"Gesch\u00e4tzte Lesezeit\" \/>\n\t<meta name=\"twitter:data1\" content=\"2\u00a0Minuten\" \/>\n<script type=\"application\/ld+json\" class=\"yoast-schema-graph\">{\"@context\":\"https:\\\/\\\/schema.org\",\"@graph\":[{\"@type\":\"WebPage\",\"@id\":\"https:\\\/\\\/arzt-nandlstadt.de\\\/?page_id=346\",\"url\":\"https:\\\/\\\/arzt-nandlstadt.de\\\/?page_id=346\",\"name\":\"Leistungen - Praxis Carola Strobel\",\"isPartOf\":{\"@id\":\"https:\\\/\\\/arzt-nandlstadt.de\\\/#website\"},\"primaryImageOfPage\":{\"@id\":\"https:\\\/\\\/arzt-nandlstadt.de\\\/?page_id=346#primaryimage\"},\"image\":{\"@id\":\"https:\\\/\\\/arzt-nandlstadt.de\\\/?page_id=346#primaryimage\"},\"thumbnailUrl\":\"https:\\\/\\\/arzt-nandlstadt.de\\\/wp-content\\\/uploads\\\/elementor\\\/thumbs\\\/B3A9063-e1556308906584-o6ydtnlvoi1032vg1jx5np6pbdji4b1yxx8rj9en5k.jpg\",\"datePublished\":\"2019-02-24T22:03:55+00:00\",\"dateModified\":\"2021-05-12T10:42:44+00:00\",\"breadcrumb\":{\"@id\":\"https:\\\/\\\/arzt-nandlstadt.de\\\/?page_id=346#breadcrumb\"},\"inLanguage\":\"de\",\"potentialAction\":[{\"@type\":\"ReadAction\",\"target\":[\"https:\\\/\\\/arzt-nandlstadt.de\\\/?page_id=346\"]}]},{\"@type\":\"ImageObject\",\"inLanguage\":\"de\",\"@id\":\"https:\\\/\\\/arzt-nandlstadt.de\\\/?page_id=346#primaryimage\",\"url\":\"https:\\\/\\\/arzt-nandlstadt.de\\\/wp-content\\\/uploads\\\/elementor\\\/thumbs\\\/B3A9063-e1556308906584-o6ydtnlvoi1032vg1jx5np6pbdji4b1yxx8rj9en5k.jpg\",\"contentUrl\":\"https:\\\/\\\/arzt-nandlstadt.de\\\/wp-content\\\/uploads\\\/elementor\\\/thumbs\\\/B3A9063-e1556308906584-o6ydtnlvoi1032vg1jx5np6pbdji4b1yxx8rj9en5k.jpg\"},{\"@type\":\"BreadcrumbList\",\"@id\":\"https:\\\/\\\/arzt-nandlstadt.de\\\/?page_id=346#breadcrumb\",\"itemListElement\":[{\"@type\":\"ListItem\",\"position\":1,\"name\":\"Startseite\",\"item\":\"https:\\\/\\\/arzt-nandlstadt.de\\\/\"},{\"@type\":\"ListItem\",\"position\":2,\"name\":\"Leistungen\"}]},{\"@type\":\"WebSite\",\"@id\":\"https:\\\/\\\/arzt-nandlstadt.de\\\/#website\",\"url\":\"https:\\\/\\\/arzt-nandlstadt.de\\\/\",\"name\":\"Praxis Carola Strobel\",\"description\":\"Hausarztpraxis in 85405 Nandlstadt  - Fach\u00e4rztin f\u00fcr Allgemeinmedizin\",\"publisher\":{\"@id\":\"https:\\\/\\\/arzt-nandlstadt.de\\\/#organization\"},\"potentialAction\":[{\"@type\":\"SearchAction\",\"target\":{\"@type\":\"EntryPoint\",\"urlTemplate\":\"https:\\\/\\\/arzt-nandlstadt.de\\\/?s={search_term_string}\"},\"query-input\":{\"@type\":\"PropertyValueSpecification\",\"valueRequired\":true,\"valueName\":\"search_term_string\"}}],\"inLanguage\":\"de\"},{\"@type\":\"Organization\",\"@id\":\"https:\\\/\\\/arzt-nandlstadt.de\\\/#organization\",\"name\":\"Praxis Dr. med. Michael Gro\u00dfe-Hering\",\"url\":\"https:\\\/\\\/arzt-nandlstadt.de\\\/\",\"logo\":{\"@type\":\"ImageObject\",\"inLanguage\":\"de\",\"@id\":\"https:\\\/\\\/arzt-nandlstadt.de\\\/#\\\/schema\\\/logo\\\/image\\\/\",\"url\":\"https:\\\/\\\/arzt-nandlstadt.de\\\/wp-content\\\/uploads\\\/2019\\\/02\\\/cropped-Logofarbe-e1550183485440.png\",\"contentUrl\":\"https:\\\/\\\/arzt-nandlstadt.de\\\/wp-content\\\/uploads\\\/2019\\\/02\\\/cropped-Logofarbe-e1550183485440.png\",\"width\":512,\"height\":512,\"caption\":\"Praxis Dr. med. Michael Gro\u00dfe-Hering\"},\"image\":{\"@id\":\"https:\\\/\\\/arzt-nandlstadt.de\\\/#\\\/schema\\\/logo\\\/image\\\/\"}}]}<\/script>\n<!-- \/ Yoast SEO plugin. -->","yoast_head_json":{"title":"Leistungen - Praxis Carola Strobel","robots":{"index":"index","follow":"follow","max-snippet":"max-snippet:-1","max-image-preview":"max-image-preview:large","max-video-preview":"max-video-preview:-1"},"canonical":"https:\/\/arzt-nandlstadt.de\/?page_id=346","og_locale":"de_DE","og_type":"article","og_title":"Leistungen - Praxis Carola Strobel","og_description":"Haus\u00e4rztliche Versorgung In unserer Hausarztpraxis sind wir f\u00fcr Sie zu den Sprechzeiten und nach Vereinbarung erreichbar. Im Not- und Bedarfsfall kommen wir zu Ihnen nach Hause. Hausbesuche sind f\u00fcr Patienten gedacht, die auf Grund ihrer Erkrankung keine M\u00f6glichkeit haben in die Praxis zu kommen. Visiten im Seniorenheim Sch\u00f6nblick in Nandlstadt finden einmal w\u00f6chentlich und im [&hellip;]","og_url":"https:\/\/arzt-nandlstadt.de\/?page_id=346","og_site_name":"Praxis Carola Strobel","article_modified_time":"2021-05-12T10:42:44+00:00","og_image":[{"url":"https:\/\/arzt-nandlstadt.de\/wp-content\/uploads\/elementor\/thumbs\/B3A9063-e1556308906584-o6ydtnlvoi1032vg1jx5np6pbdji4b1yxx8rj9en5k.jpg","type":"","width":"","height":""}],"twitter_card":"summary_large_image","twitter_misc":{"Gesch\u00e4tzte Lesezeit":"2\u00a0Minuten"},"schema":{"@context":"https:\/\/schema.org","@graph":[{"@type":"WebPage","@id":"https:\/\/arzt-nandlstadt.de\/?page_id=346","url":"https:\/\/arzt-nandlstadt.de\/?page_id=346","name":"Leistungen - Praxis Carola Strobel","isPartOf":{"@id":"https:\/\/arzt-nandlstadt.de\/#website"},"primaryImageOfPage":{"@id":"https:\/\/arzt-nandlstadt.de\/?page_id=346#primaryimage"},"image":{"@id":"https:\/\/arzt-nandlstadt.de\/?page_id=346#primaryimage"},"thumbnailUrl":"https:\/\/arzt-nandlstadt.de\/wp-content\/uploads\/elementor\/thumbs\/B3A9063-e1556308906584-o6ydtnlvoi1032vg1jx5np6pbdji4b1yxx8rj9en5k.jpg","datePublished":"2019-02-24T22:03:55+00:00","dateModified":"2021-05-12T10:42:44+00:00","breadcrumb":{"@id":"https:\/\/arzt-nandlstadt.de\/?page_id=346#breadcrumb"},"inLanguage":"de","potentialAction":[{"@type":"ReadAction","target":["https:\/\/arzt-nandlstadt.de\/?page_id=346"]}]},{"@type":"ImageObject","inLanguage":"de","@id":"https:\/\/arzt-nandlstadt.de\/?page_id=346#primaryimage","url":"https:\/\/arzt-nandlstadt.de\/wp-content\/uploads\/elementor\/thumbs\/B3A9063-e1556308906584-o6ydtnlvoi1032vg1jx5np6pbdji4b1yxx8rj9en5k.jpg","contentUrl":"https:\/\/arzt-nandlstadt.de\/wp-content\/uploads\/elementor\/thumbs\/B3A9063-e1556308906584-o6ydtnlvoi1032vg1jx5np6pbdji4b1yxx8rj9en5k.jpg"},{"@type":"BreadcrumbList","@id":"https:\/\/arzt-nandlstadt.de\/?page_id=346#breadcrumb","itemListElement":[{"@type":"ListItem","position":1,"name":"Startseite","item":"https:\/\/arzt-nandlstadt.de\/"},{"@type":"ListItem","position":2,"name":"Leistungen"}]},{"@type":"WebSite","@id":"https:\/\/arzt-nandlstadt.de\/#website","url":"https:\/\/arzt-nandlstadt.de\/","name":"Praxis Carola Strobel","description":"Hausarztpraxis in 85405 Nandlstadt  - Fach\u00e4rztin f\u00fcr Allgemeinmedizin","publisher":{"@id":"https:\/\/arzt-nandlstadt.de\/#organization"},"potentialAction":[{"@type":"SearchAction","target":{"@type":"EntryPoint","urlTemplate":"https:\/\/arzt-nandlstadt.de\/?s={search_term_string}"},"query-input":{"@type":"PropertyValueSpecification","valueRequired":true,"valueName":"search_term_string"}}],"inLanguage":"de"},{"@type":"Organization","@id":"https:\/\/arzt-nandlstadt.de\/#organization","name":"Praxis Dr. med. Michael Gro\u00dfe-Hering","url":"https:\/\/arzt-nandlstadt.de\/","logo":{"@type":"ImageObject","inLanguage":"de","@id":"https:\/\/arzt-nandlstadt.de\/#\/schema\/logo\/image\/","url":"https:\/\/arzt-nandlstadt.de\/wp-content\/uploads\/2019\/02\/cropped-Logofarbe-e1550183485440.png","contentUrl":"https:\/\/arzt-nandlstadt.de\/wp-content\/uploads\/2019\/02\/cropped-Logofarbe-e1550183485440.png","width":512,"height":512,"caption":"Praxis Dr. med. Michael Gro\u00dfe-Hering"},"image":{"@id":"https:\/\/arzt-nandlstadt.de\/#\/schema\/logo\/image\/"}}]}},"_links":{"self":[{"href":"https:\/\/arzt-nandlstadt.de\/index.php?rest_route=\/wp\/v2\/pages\/346","targetHints":{"allow":["GET"]}}],"collection":[{"href":"https:\/\/arzt-nandlstadt.de\/index.php?rest_route=\/wp\/v2\/pages"}],"about":[{"href":"https:\/\/arzt-nandlstadt.de\/index.php?rest_route=\/wp\/v2\/types\/page"}],"author":[{"embeddable":true,"href":"https:\/\/arzt-nandlstadt.de\/index.php?rest_route=\/wp\/v2\/users\/1"}],"replies":[{"embeddable":true,"href":"https:\/\/arzt-nandlstadt.de\/index.php?rest_route=%2Fwp%2Fv2%2Fcomments&post=346"}],"version-history":[{"count":5,"href":"https:\/\/arzt-nandlstadt.de\/index.php?rest_route=\/wp\/v2\/pages\/346\/revisions"}],"predecessor-version":[{"id":15854,"href":"https:\/\/arzt-nandlstadt.de\/index.php?rest_route=\/wp\/v2\/pages\/346\/revisions\/15854"}],"wp:attachment":[{"href":"https:\/\/arzt-nandlstadt.de\/index.php?rest_route=%2Fwp%2Fv2%2Fmedia&parent=346"}],"curies":[{"name":"wp","href":"https:\/\/api.w.org\/{rel}","templated":true}]}}