{"id":29,"date":"2019-02-11T22:50:06","date_gmt":"2019-02-11T21:50:06","guid":{"rendered":"https:\/\/praxisdrmedmichaelgro.live-website.com\/?page_id=29"},"modified":"2024-12-31T20:42:33","modified_gmt":"2024-12-31T19:42:33","slug":"impressum","status":"publish","type":"page","link":"https:\/\/arzt-nandlstadt.de\/?page_id=29","title":{"rendered":"Impressum"},"content":{"rendered":"\t\t<div data-elementor-type=\"wp-page\" data-elementor-id=\"29\" class=\"elementor elementor-29\">\n\t\t\t\t\t\t<section class=\"elementor-section elementor-top-section elementor-element elementor-element-1f35a18d elementor-section-boxed elementor-section-height-default elementor-section-height-default\" data-id=\"1f35a18d\" data-element_type=\"section\" data-e-type=\"section\">\n\t\t\t\t\t\t<div class=\"elementor-container elementor-column-gap-default\">\n\t\t\t\t\t<div class=\"elementor-column elementor-col-100 elementor-top-column elementor-element elementor-element-541d67ff\" data-id=\"541d67ff\" data-element_type=\"column\" data-e-type=\"column\">\n\t\t\t<div class=\"elementor-widget-wrap elementor-element-populated\">\n\t\t\t\t\t\t<div class=\"elementor-element elementor-element-19463c1f elementor-widget elementor-widget-text-editor\" data-id=\"19463c1f\" data-element_type=\"widget\" data-e-type=\"widget\" data-widget_type=\"text-editor.default\">\n\t\t\t\t<div class=\"elementor-widget-container\">\n\t\t\t\t\t\t\t\t\t<h2>Angaben gem\u00e4\u00df \u00a7 5 TMG:<\/h2>\n<p><!-- \/wp:heading --><\/p>\n<p><!-- wp:paragraph --><\/p>\n<p>Carola Strobel<br>Praxis<br>Marktstr. 15<br>85405 Nandlstadt<\/p>\n<p><!-- \/wp:paragraph --><\/p>\n<p><!-- wp:heading --><\/p>\n<h2>Kontakt:<\/h2>\n<p><!-- \/wp:heading --><\/p>\n<p><!-- wp:paragraph --><\/p>\n<p>Telefon: 08756-1207<br>Telefax: 08756-910480<\/p>\n<p><\/p>\n<p><!-- \/wp:paragraph --><\/p>\n<p><!-- wp:heading --><\/p>\n<h2>Aufsichtsbeh\u00f6rde:<\/h2>\n<p><!-- \/wp:heading --><\/p>\n<p><!-- wp:paragraph --><\/p>\n<p>Kassen\u00e4rztliche Vereinigung Bayerns KVB<br>Elsenheimer Str. 39<br>80687 M\u00fcnchen<\/p>\n<p><!-- \/wp:paragraph --><\/p>\n<p><!-- wp:paragraph --><\/p>\n<p><a href=\"http:\/\/kvb.de\">http:\/\/kvb.de<\/a><\/p>\n<p><!-- \/wp:paragraph --><\/p>\n<p><!-- wp:heading --><\/p>\n<h2>Berufsbezeichnung und berufsrechtliche<br>Regelungen<\/h2>\n<p><!-- \/wp:heading --><\/p>\n<p><!-- wp:paragraph --><\/p>\n<p>Berufsbezeichnung: \u00c4rzte<br>Zust\u00e4ndige Kammer: Bayerische Landes\u00e4rztekammer<br>Verliehen durch: Deutschland<br>Es gelten folgende berufsrechtliche Regelungen: Berufsordnung der Bayerischen Landes\u00e4rztekammer; Heilberufegesetz des Landes Bayern<br>Regelungen einsehbar unter:&nbsp;<a href=\"http:\/\/blaek.de\/\" target=\"_blank\" rel=\"noreferrer noopener\">http:\/\/blaek.de<\/a><\/p>\n<p><!-- \/wp:paragraph --><\/p>\n<p><!-- wp:heading --><\/p>\n<h2>Angaben zur Berufshaftpflichtversicherung<\/h2>\n<p><!-- \/wp:heading --><\/p>\n<p><!-- wp:paragraph --><\/p>\n<p>Name und Sitz des Versicherers:<br>Deutsche \u00c4rzteversicherung Allgemeine<br>Zweigniederlassung<br>der AXA Vers.AG<br>51171 K\u00f6ln<\/p>\n<p><!-- \/wp:paragraph --><\/p>\n<p><!-- wp:heading --><\/p>\n<h2>Verantwortlich f\u00fcr den Inhalt nach \u00a7 55 Abs.<br>2 RStV:<\/h2>\n<p><!-- \/wp:heading --><\/p>\n<p><!-- wp:paragraph --><\/p>\n<p>Carola Strobel<br>Marktstr. 15<br>85405 Nandlstadt<\/p>\n<p><!-- \/wp:paragraph --><\/p>\n<p><!-- wp:heading --><\/p>\n<h2>Streitschlichtung<\/h2>\n<p><!-- \/wp:heading --><\/p>\n<p><!-- wp:paragraph --><\/p>\n<p>Die Europ\u00e4ische Kommission stellt eine Plattform zur Online-Streitbeilegung (OS) bereit:&nbsp;<a href=\"https:\/\/ec.europa.eu\/consumers\/odr\" target=\"_blank\" rel=\"noreferrer noopener\">https:\/\/ec.europa.eu\/consumers\/odr<\/a><br>Unsere E-Mail-Adresse finden Sie oben im Impressum.<\/p>\n<p><!-- \/wp:paragraph --><\/p>\n<p><!-- wp:paragraph --><\/p>\n<p>Wir nehmen an einem Streitbeilegungsverfahren vor einer Verbraucherschlichtungsstelle teil. Die zust\u00e4ndige Verbraucherschlichtungsstelle ist:<\/p>\n<p><!-- \/wp:paragraph --><\/p>\n<p><!-- wp:paragraph --><\/p>\n<p>Versicherungsombudsmann e.V.<br>Postfach 080632<br>10006 Berlin<\/p>\n<p><!-- \/wp:paragraph --><\/p>\n<p><!-- wp:embed {\"url\":\"http:\/\/versicherungsombudsmann.de\"} --><\/p>\n<figure class=\"wp-block-embed\">\n<div class=\"wp-block-embed__wrapper\">http:\/\/versicherungsombudsmann.de<\/div>\n<\/figure>\n<p><!-- \/wp:embed --><\/p>\n<p><!-- wp:heading --><\/p>\n<h2>Haftung f\u00fcr Inhalte<\/h2>\n<p><!-- \/wp:heading --><\/p>\n<p><!-- wp:paragraph --><\/p>\n<p>Als Diensteanbieter sind wir gem\u00e4\u00df \u00a7 7 Abs.1 TMG f\u00fcr eigene Inhalte auf diesen Seiten nach den allgemeinen Gesetzen verantwortlich. Nach \u00a7\u00a7 8 bis 10 TMG sind wir als Diensteanbieter jedoch nicht verpflichtet, \u00fcbermittelte oder gespeicherte fremde Informationen zu \u00fcberwachen oder nach Umst\u00e4nden zu forschen, die auf eine rechtswidrige T\u00e4tigkeit hinweisen.<\/p>\n<p><!-- \/wp:paragraph --><\/p>\n<p><!-- wp:paragraph --><\/p>\n<p>Verpflichtungen zur Entfernung oder Sperrung der Nutzung von Informationen nach den allgemeinen Gesetzen bleiben hiervon unber\u00fchrt. Eine diesbez\u00fcgliche Haftung ist jedoch erst ab dem Zeitpunkt der Kenntnis einer konkreten Rechtsverletzung m\u00f6glich. Bei Bekanntwerden von entsprechenden Rechtsverletzungen werden wir diese Inhalte umgehend entfernen.<\/p>\n<p><!-- \/wp:paragraph --><\/p>\n<p><!-- wp:heading --><\/p>\n<h2>Haftung f\u00fcr Links<\/h2>\n<p><!-- \/wp:heading --><\/p>\n<p><!-- wp:paragraph --><\/p>\n<p>Unser Angebot enth\u00e4lt Links zu externen Websites Dritter, auf deren Inhalte wir keinen Einfluss haben. Deshalb k\u00f6nnen wir f\u00fcr diese fremden Inhalte auch keine Gew\u00e4hr \u00fcbernehmen. F\u00fcr die Inhalte der verlinkten Seiten ist stets der jeweilige Anbieter oder Betreiber der Seiten verantwortlich. Die verlinkten Seiten wurden zum Zeitpunkt der Verlinkung auf m\u00f6gliche Rechtsverst\u00f6\u00dfe<br>\u00fcberpr\u00fcft. Rechtswidrige Inhalte waren zum Zeitpunkt der Verlinkung nicht erkennbar.<\/p>\n<p><!-- \/wp:paragraph --><\/p>\n<p><!-- wp:paragraph --><\/p>\n<p>Eine permanente inhaltliche Kontrolle der verlinkten Seiten ist jedoch ohne konkrete Anhaltspunkte einer Rechtsverletzung nicht zumutbar. Bei Bekanntwerden von Rechtsverletzungen werden wir derartige Links umgehend entfernen.<\/p>\n<p><!-- \/wp:paragraph --><\/p>\n<p><!-- wp:heading --><\/p>\n<h2>Urheberrecht<\/h2>\n<p><!-- \/wp:heading --><\/p>\n<p><!-- wp:paragraph --><\/p>\n<p>Die durch die Seitenbetreiber erstellten Inhalte und Werke auf diesen Seiten unterliegen dem deutschen Urheberrecht. Die Vervielf\u00e4ltigung, Bearbeitung, Verbreitung und jede Art der Verwertung au\u00dferhalb der Grenzen des Urheberrechtes bed\u00fcrfen der schriftlichen Zustimmung des jeweiligen Autors bzw. Erstellers. Downloads und Kopien dieser Seite sind nur f\u00fcr den privaten, nicht kommerziellen Gebrauch gestattet.<\/p>\n<p><!-- \/wp:paragraph --><\/p>\n<p><!-- wp:paragraph --><\/p>\n<p>Soweit die Inhalte auf dieser Seite nicht vom Betreiber erstellt wurden, werden die Urheberrechte Dritter beachtet. Insbesondere werden Inhalte Dritter als solche gekennzeichnet. Sollten Sie trotzdem auf eine Urheberrechtsverletzung aufmerksam werden, bitten wir um einen entsprechenden Hinweis. Bei Bekanntwerden von Rechtsverletzungen werden wir derartige Inhalte umgehend entfernen.<\/p>\n<p><!-- \/wp:paragraph --><\/p>\n<p><!-- wp:paragraph --><\/p>\n<p>Quelle:&nbsp;<a href=\"https:\/\/www.e-recht24.de\/\">https:\/\/www.e-recht24.de<\/a><\/p>\n<p><!-- \/wp:paragraph --><\/p>\n<p><!-- wp:heading --><\/p>\n<h2>Web- und Grafikdesign:<\/h2>\n<p><!-- \/wp:heading --><\/p>\n<p><!-- wp:paragraph --><\/p>\n<p>Gro\u00dfe-Hering,&nbsp;OceanWP Theme by Nick<\/p>\n<p><!-- \/wp:paragraph --><\/p>\n<p><!-- wp:heading --><\/p>\n<h2>Bildrechte:<\/h2>\n<p><!-- \/wp:heading --><\/p>\n<p><!-- wp:paragraph --><\/p>\n<p>\u00a9 Dr. med. Michael Gro\u00dfe-Hering<\/p>\t\t\t\t\t\t\t\t<\/div>\n\t\t\t\t<\/div>\n\t\t\t\t\t<\/div>\n\t\t<\/div>\n\t\t\t\t\t<\/div>\n\t\t<\/section>\n\t\t\t\t<\/div>\n\t\t","protected":false},"excerpt":{"rendered":"<p>Angaben gem\u00e4\u00df \u00a7 5 TMG: Carola StrobelPraxisMarktstr. 1585405 Nandlstadt Kontakt: Telefon: 08756-1207Telefax: 08756-910480 Aufsichtsbeh\u00f6rde: Kassen\u00e4rztliche Vereinigung Bayerns KVBElsenheimer Str. 3980687 M\u00fcnchen http:\/\/kvb.de Berufsbezeichnung und berufsrechtlicheRegelungen Berufsbezeichnung: \u00c4rzteZust\u00e4ndige Kammer: Bayerische Landes\u00e4rztekammerVerliehen durch: DeutschlandEs gelten folgende berufsrechtliche Regelungen: Berufsordnung der Bayerischen Landes\u00e4rztekammer; Heilberufegesetz des Landes BayernRegelungen einsehbar unter:&nbsp;http:\/\/blaek.de Angaben zur Berufshaftpflichtversicherung Name und Sitz des Versicherers:Deutsche \u00c4rzteversicherung [&hellip;]<\/p>\n","protected":false},"author":1,"featured_media":0,"parent":0,"menu_order":0,"comment_status":"closed","ping_status":"closed","template":"","meta":{"ocean_post_layout":"full-width","ocean_both_sidebars_style":"","ocean_both_sidebars_content_width":0,"ocean_both_sidebars_sidebars_width":0,"ocean_sidebar":"0","ocean_second_sidebar":"0","ocean_disable_margins":"enable","ocean_add_body_class":"","ocean_shortcode_before_top_bar":"","ocean_shortcode_after_top_bar":"","ocean_shortcode_before_header":"","ocean_shortcode_after_header":"","ocean_has_shortcode":"","ocean_shortcode_after_title":"","ocean_shortcode_before_footer_widgets":"","ocean_shortcode_after_footer_widgets":"","ocean_shortcode_before_footer_bottom":"","ocean_shortcode_after_footer_bottom":"","ocean_display_top_bar":"default","ocean_display_header":"default","ocean_header_style":"","ocean_center_header_left_menu":"0","ocean_custom_header_template":"0","ocean_custom_logo":0,"ocean_custom_retina_logo":0,"ocean_custom_logo_max_width":0,"ocean_custom_logo_tablet_max_width":0,"ocean_custom_logo_mobile_max_width":0,"ocean_custom_logo_max_height":0,"ocean_custom_logo_tablet_max_height":0,"ocean_custom_logo_mobile_max_height":0,"ocean_header_custom_menu":"0","ocean_menu_typo_font_family":"0","ocean_menu_typo_font_subset":"","ocean_menu_typo_font_size":0,"ocean_menu_typo_font_size_tablet":0,"ocean_menu_typo_font_size_mobile":0,"ocean_menu_typo_font_size_unit":"px","ocean_menu_typo_font_weight":"","ocean_menu_typo_font_weight_tablet":"","ocean_menu_typo_font_weight_mobile":"","ocean_menu_typo_transform":"","ocean_menu_typo_transform_tablet":"","ocean_menu_typo_transform_mobile":"","ocean_menu_typo_line_height":0,"ocean_menu_typo_line_height_tablet":0,"ocean_menu_typo_line_height_mobile":0,"ocean_menu_typo_line_height_unit":"","ocean_menu_typo_spacing":0,"ocean_menu_typo_spacing_tablet":0,"ocean_menu_typo_spacing_mobile":0,"ocean_menu_typo_spacing_unit":"","ocean_menu_link_color":"","ocean_menu_link_color_hover":"","ocean_menu_link_color_active":"","ocean_menu_link_background":"","ocean_menu_link_hover_background":"","ocean_menu_link_active_background":"","ocean_menu_social_links_bg":"","ocean_menu_social_hover_links_bg":"","ocean_menu_social_links_color":"","ocean_menu_social_hover_links_color":"","ocean_disable_title":"default","ocean_disable_heading":"default","ocean_post_title":"","ocean_post_subheading":"","ocean_post_title_style":"","ocean_post_title_background_color":"","ocean_post_title_background":0,"ocean_post_title_bg_image_position":"","ocean_post_title_bg_image_attachment":"","ocean_post_title_bg_image_repeat":"","ocean_post_title_bg_image_size":"","ocean_post_title_height":0,"ocean_post_title_bg_overlay":0.5,"ocean_post_title_bg_overlay_color":"","ocean_disable_breadcrumbs":"off","ocean_breadcrumbs_color":"","ocean_breadcrumbs_separator_color":"","ocean_breadcrumbs_links_color":"","ocean_breadcrumbs_links_hover_color":"","ocean_display_footer_widgets":"default","ocean_display_footer_bottom":"default","ocean_custom_footer_template":"0","footnotes":""},"class_list":["post-29","page","type-page","status-publish","hentry","entry"],"yoast_head":"<!-- This site is optimized with the Yoast SEO plugin v27.5 - https:\/\/yoast.com\/product\/yoast-seo-wordpress\/ -->\n<title>Impressum - Praxis Carola Strobel<\/title>\n<meta name=\"robots\" content=\"index, follow, max-snippet:-1, max-image-preview:large, max-video-preview:-1\" \/>\n<link rel=\"canonical\" href=\"https:\/\/arzt-nandlstadt.de\/?page_id=29\" \/>\n<meta property=\"og:locale\" content=\"de_DE\" \/>\n<meta property=\"og:type\" content=\"article\" \/>\n<meta property=\"og:title\" content=\"Impressum - Praxis Carola Strobel\" \/>\n<meta property=\"og:description\" content=\"Angaben gem\u00e4\u00df \u00a7 5 TMG: Carola StrobelPraxisMarktstr. 1585405 Nandlstadt Kontakt: Telefon: 08756-1207Telefax: 08756-910480 Aufsichtsbeh\u00f6rde: Kassen\u00e4rztliche Vereinigung Bayerns KVBElsenheimer Str. 3980687 M\u00fcnchen http:\/\/kvb.de Berufsbezeichnung und berufsrechtlicheRegelungen Berufsbezeichnung: \u00c4rzteZust\u00e4ndige Kammer: Bayerische Landes\u00e4rztekammerVerliehen durch: DeutschlandEs gelten folgende berufsrechtliche Regelungen: Berufsordnung der Bayerischen Landes\u00e4rztekammer; Heilberufegesetz des Landes BayernRegelungen einsehbar unter:&nbsp;http:\/\/blaek.de Angaben zur Berufshaftpflichtversicherung Name und Sitz des Versicherers:Deutsche \u00c4rzteversicherung [&hellip;]\" \/>\n<meta property=\"og:url\" content=\"https:\/\/arzt-nandlstadt.de\/?page_id=29\" \/>\n<meta property=\"og:site_name\" content=\"Praxis Carola Strobel\" \/>\n<meta property=\"article:modified_time\" content=\"2024-12-31T19:42:33+00:00\" \/>\n<meta name=\"twitter:card\" content=\"summary_large_image\" \/>\n<meta name=\"twitter:label1\" content=\"Gesch\u00e4tzte Lesezeit\" \/>\n\t<meta name=\"twitter:data1\" content=\"2\u00a0Minuten\" \/>\n<script type=\"application\/ld+json\" class=\"yoast-schema-graph\">{\"@context\":\"https:\\\/\\\/schema.org\",\"@graph\":[{\"@type\":\"WebPage\",\"@id\":\"https:\\\/\\\/arzt-nandlstadt.de\\\/?page_id=29\",\"url\":\"https:\\\/\\\/arzt-nandlstadt.de\\\/?page_id=29\",\"name\":\"Impressum - Praxis Carola Strobel\",\"isPartOf\":{\"@id\":\"https:\\\/\\\/arzt-nandlstadt.de\\\/#website\"},\"datePublished\":\"2019-02-11T21:50:06+00:00\",\"dateModified\":\"2024-12-31T19:42:33+00:00\",\"breadcrumb\":{\"@id\":\"https:\\\/\\\/arzt-nandlstadt.de\\\/?page_id=29#breadcrumb\"},\"inLanguage\":\"de\",\"potentialAction\":[{\"@type\":\"ReadAction\",\"target\":[\"https:\\\/\\\/arzt-nandlstadt.de\\\/?page_id=29\"]}]},{\"@type\":\"BreadcrumbList\",\"@id\":\"https:\\\/\\\/arzt-nandlstadt.de\\\/?page_id=29#breadcrumb\",\"itemListElement\":[{\"@type\":\"ListItem\",\"position\":1,\"name\":\"Startseite\",\"item\":\"https:\\\/\\\/arzt-nandlstadt.de\\\/\"},{\"@type\":\"ListItem\",\"position\":2,\"name\":\"Impressum\"}]},{\"@type\":\"WebSite\",\"@id\":\"https:\\\/\\\/arzt-nandlstadt.de\\\/#website\",\"url\":\"https:\\\/\\\/arzt-nandlstadt.de\\\/\",\"name\":\"Praxis Carola Strobel\",\"description\":\"Hausarztpraxis in 85405 Nandlstadt  - Fach\u00e4rztin f\u00fcr Allgemeinmedizin\",\"publisher\":{\"@id\":\"https:\\\/\\\/arzt-nandlstadt.de\\\/#organization\"},\"potentialAction\":[{\"@type\":\"SearchAction\",\"target\":{\"@type\":\"EntryPoint\",\"urlTemplate\":\"https:\\\/\\\/arzt-nandlstadt.de\\\/?s={search_term_string}\"},\"query-input\":{\"@type\":\"PropertyValueSpecification\",\"valueRequired\":true,\"valueName\":\"search_term_string\"}}],\"inLanguage\":\"de\"},{\"@type\":\"Organization\",\"@id\":\"https:\\\/\\\/arzt-nandlstadt.de\\\/#organization\",\"name\":\"Praxis Dr. med. Michael Gro\u00dfe-Hering\",\"url\":\"https:\\\/\\\/arzt-nandlstadt.de\\\/\",\"logo\":{\"@type\":\"ImageObject\",\"inLanguage\":\"de\",\"@id\":\"https:\\\/\\\/arzt-nandlstadt.de\\\/#\\\/schema\\\/logo\\\/image\\\/\",\"url\":\"https:\\\/\\\/arzt-nandlstadt.de\\\/wp-content\\\/uploads\\\/2019\\\/02\\\/cropped-Logofarbe-e1550183485440.png\",\"contentUrl\":\"https:\\\/\\\/arzt-nandlstadt.de\\\/wp-content\\\/uploads\\\/2019\\\/02\\\/cropped-Logofarbe-e1550183485440.png\",\"width\":512,\"height\":512,\"caption\":\"Praxis Dr. med. Michael Gro\u00dfe-Hering\"},\"image\":{\"@id\":\"https:\\\/\\\/arzt-nandlstadt.de\\\/#\\\/schema\\\/logo\\\/image\\\/\"}}]}<\/script>\n<!-- \/ Yoast SEO plugin. -->","yoast_head_json":{"title":"Impressum - Praxis Carola Strobel","robots":{"index":"index","follow":"follow","max-snippet":"max-snippet:-1","max-image-preview":"max-image-preview:large","max-video-preview":"max-video-preview:-1"},"canonical":"https:\/\/arzt-nandlstadt.de\/?page_id=29","og_locale":"de_DE","og_type":"article","og_title":"Impressum - Praxis Carola Strobel","og_description":"Angaben gem\u00e4\u00df \u00a7 5 TMG: Carola StrobelPraxisMarktstr. 1585405 Nandlstadt Kontakt: Telefon: 08756-1207Telefax: 08756-910480 Aufsichtsbeh\u00f6rde: Kassen\u00e4rztliche Vereinigung Bayerns KVBElsenheimer Str. 3980687 M\u00fcnchen http:\/\/kvb.de Berufsbezeichnung und berufsrechtlicheRegelungen Berufsbezeichnung: \u00c4rzteZust\u00e4ndige Kammer: Bayerische Landes\u00e4rztekammerVerliehen durch: DeutschlandEs gelten folgende berufsrechtliche Regelungen: Berufsordnung der Bayerischen Landes\u00e4rztekammer; Heilberufegesetz des Landes BayernRegelungen einsehbar unter:&nbsp;http:\/\/blaek.de Angaben zur Berufshaftpflichtversicherung Name und Sitz des Versicherers:Deutsche \u00c4rzteversicherung [&hellip;]","og_url":"https:\/\/arzt-nandlstadt.de\/?page_id=29","og_site_name":"Praxis Carola Strobel","article_modified_time":"2024-12-31T19:42:33+00:00","twitter_card":"summary_large_image","twitter_misc":{"Gesch\u00e4tzte Lesezeit":"2\u00a0Minuten"},"schema":{"@context":"https:\/\/schema.org","@graph":[{"@type":"WebPage","@id":"https:\/\/arzt-nandlstadt.de\/?page_id=29","url":"https:\/\/arzt-nandlstadt.de\/?page_id=29","name":"Impressum - Praxis Carola Strobel","isPartOf":{"@id":"https:\/\/arzt-nandlstadt.de\/#website"},"datePublished":"2019-02-11T21:50:06+00:00","dateModified":"2024-12-31T19:42:33+00:00","breadcrumb":{"@id":"https:\/\/arzt-nandlstadt.de\/?page_id=29#breadcrumb"},"inLanguage":"de","potentialAction":[{"@type":"ReadAction","target":["https:\/\/arzt-nandlstadt.de\/?page_id=29"]}]},{"@type":"BreadcrumbList","@id":"https:\/\/arzt-nandlstadt.de\/?page_id=29#breadcrumb","itemListElement":[{"@type":"ListItem","position":1,"name":"Startseite","item":"https:\/\/arzt-nandlstadt.de\/"},{"@type":"ListItem","position":2,"name":"Impressum"}]},{"@type":"WebSite","@id":"https:\/\/arzt-nandlstadt.de\/#website","url":"https:\/\/arzt-nandlstadt.de\/","name":"Praxis Carola Strobel","description":"Hausarztpraxis in 85405 Nandlstadt  - Fach\u00e4rztin f\u00fcr Allgemeinmedizin","publisher":{"@id":"https:\/\/arzt-nandlstadt.de\/#organization"},"potentialAction":[{"@type":"SearchAction","target":{"@type":"EntryPoint","urlTemplate":"https:\/\/arzt-nandlstadt.de\/?s={search_term_string}"},"query-input":{"@type":"PropertyValueSpecification","valueRequired":true,"valueName":"search_term_string"}}],"inLanguage":"de"},{"@type":"Organization","@id":"https:\/\/arzt-nandlstadt.de\/#organization","name":"Praxis Dr. med. Michael Gro\u00dfe-Hering","url":"https:\/\/arzt-nandlstadt.de\/","logo":{"@type":"ImageObject","inLanguage":"de","@id":"https:\/\/arzt-nandlstadt.de\/#\/schema\/logo\/image\/","url":"https:\/\/arzt-nandlstadt.de\/wp-content\/uploads\/2019\/02\/cropped-Logofarbe-e1550183485440.png","contentUrl":"https:\/\/arzt-nandlstadt.de\/wp-content\/uploads\/2019\/02\/cropped-Logofarbe-e1550183485440.png","width":512,"height":512,"caption":"Praxis Dr. med. Michael Gro\u00dfe-Hering"},"image":{"@id":"https:\/\/arzt-nandlstadt.de\/#\/schema\/logo\/image\/"}}]}},"_links":{"self":[{"href":"https:\/\/arzt-nandlstadt.de\/index.php?rest_route=\/wp\/v2\/pages\/29","targetHints":{"allow":["GET"]}}],"collection":[{"href":"https:\/\/arzt-nandlstadt.de\/index.php?rest_route=\/wp\/v2\/pages"}],"about":[{"href":"https:\/\/arzt-nandlstadt.de\/index.php?rest_route=\/wp\/v2\/types\/page"}],"author":[{"embeddable":true,"href":"https:\/\/arzt-nandlstadt.de\/index.php?rest_route=\/wp\/v2\/users\/1"}],"replies":[{"embeddable":true,"href":"https:\/\/arzt-nandlstadt.de\/index.php?rest_route=%2Fwp%2Fv2%2Fcomments&post=29"}],"version-history":[{"count":15,"href":"https:\/\/arzt-nandlstadt.de\/index.php?rest_route=\/wp\/v2\/pages\/29\/revisions"}],"predecessor-version":[{"id":16146,"href":"https:\/\/arzt-nandlstadt.de\/index.php?rest_route=\/wp\/v2\/pages\/29\/revisions\/16146"}],"wp:attachment":[{"href":"https:\/\/arzt-nandlstadt.de\/index.php?rest_route=%2Fwp%2Fv2%2Fmedia&parent=29"}],"curies":[{"name":"wp","href":"https:\/\/api.w.org\/{rel}","templated":true}]}}