{"id":2,"date":"2019-02-11T16:31:24","date_gmt":"2019-02-11T15:31:24","guid":{"rendered":"https:\/\/praxisdrmedmichaelgro.live-website.com\/?page_id=2"},"modified":"2024-12-31T20:19:29","modified_gmt":"2024-12-31T19:19:29","slug":"start","status":"publish","type":"page","link":"https:\/\/arzt-nandlstadt.de\/","title":{"rendered":"Start"},"content":{"rendered":"\t\t<div data-elementor-type=\"wp-post\" data-elementor-id=\"2\" class=\"elementor elementor-2\">\n\t\t\t\t\t\t<section class=\"elementor-section elementor-top-section elementor-element elementor-element-76d3d12b elementor-section-full_width elementor-section-height-default elementor-section-height-default\" data-id=\"76d3d12b\" data-element_type=\"section\" data-e-type=\"section\">\n\t\t\t\t\t\t<div class=\"elementor-container elementor-column-gap-default\">\n\t\t\t\t\t<div class=\"elementor-column elementor-col-100 elementor-top-column elementor-element elementor-element-7f8361aa\" data-id=\"7f8361aa\" data-element_type=\"column\" data-e-type=\"column\">\n\t\t\t<div class=\"elementor-widget-wrap elementor-element-populated\">\n\t\t\t\t\t\t<div class=\"elementor-element elementor-element-1987757 elementor-widget__width-initial elementor-widget elementor-widget-image\" data-id=\"1987757\" data-element_type=\"widget\" data-e-type=\"widget\" data-widget_type=\"image.default\">\n\t\t\t\t<div class=\"elementor-widget-container\">\n\t\t\t\t\t\t\t\t\t\t\t\t\t\t\t<img fetchpriority=\"high\" decoding=\"async\" width=\"1024\" height=\"806\" src=\"https:\/\/arzt-nandlstadt.de\/wp-content\/uploads\/2024\/11\/Strobel_GH_01-1024x806.jpg\" class=\"attachment-large size-large wp-image-16105\" alt=\"\" srcset=\"https:\/\/arzt-nandlstadt.de\/wp-content\/uploads\/2024\/11\/Strobel_GH_01-1024x806.jpg 1024w, https:\/\/arzt-nandlstadt.de\/wp-content\/uploads\/2024\/11\/Strobel_GH_01-300x236.jpg 300w, https:\/\/arzt-nandlstadt.de\/wp-content\/uploads\/2024\/11\/Strobel_GH_01-768x605.jpg 768w, https:\/\/arzt-nandlstadt.de\/wp-content\/uploads\/2024\/11\/Strobel_GH_01-1536x1209.jpg 1536w, https:\/\/arzt-nandlstadt.de\/wp-content\/uploads\/2024\/11\/Strobel_GH_01.jpg 1872w\" sizes=\"(max-width: 1024px) 100vw, 1024px\" \/>\t\t\t\t\t\t\t\t\t\t\t\t\t\t\t<\/div>\n\t\t\t\t<\/div>\n\t\t\t\t\t<\/div>\n\t\t<\/div>\n\t\t\t\t\t<\/div>\n\t\t<\/section>\n\t\t\t\t<section class=\"elementor-section elementor-top-section elementor-element elementor-element-006a8dc elementor-section-boxed elementor-section-height-default elementor-section-height-default\" data-id=\"006a8dc\" data-element_type=\"section\" data-e-type=\"section\">\n\t\t\t\t\t\t<div class=\"elementor-container elementor-column-gap-default\">\n\t\t\t\t\t<div class=\"elementor-column elementor-col-100 elementor-top-column elementor-element elementor-element-119ca7d\" data-id=\"119ca7d\" data-element_type=\"column\" data-e-type=\"column\">\n\t\t\t<div class=\"elementor-widget-wrap elementor-element-populated\">\n\t\t\t\t\t\t<div class=\"elementor-element elementor-element-a7665c5 elementor-widget elementor-widget-heading\" data-id=\"a7665c5\" data-element_type=\"widget\" data-e-type=\"widget\" data-widget_type=\"heading.default\">\n\t\t\t\t<div class=\"elementor-widget-container\">\n\t\t\t\t\t<h1 class=\"elementor-heading-title elementor-size-default\">Willkommen<\/h1>\t\t\t\t<\/div>\n\t\t\t\t<\/div>\n\t\t\t\t<div class=\"elementor-element elementor-element-6d72b41 elementor-widget elementor-widget-text-editor\" data-id=\"6d72b41\" data-element_type=\"widget\" data-e-type=\"widget\" data-widget_type=\"text-editor.default\">\n\t\t\t\t<div class=\"elementor-widget-container\">\n\t\t\t\t\t\t\t\t\t<p><span style=\"color: #333333;\">In der Hausarztpraxis Carola Strobel steht Ihre medizinische Versorgung unter ganzheitlichen Gesichtspunkten im Vordergrund. Verlassen Sie sich auf eine individuelle kompetente Diagnostik, modernste Technik und ein umfangreiches Therapiespektrum. Um eine optimale Versorgung mit geringen Wartezeiten zu erm\u00f6glichen wird um telefonische <a href=\"#Terminvereinbarung\"><strong><span style=\"color: #8e0127;\">Terminvereinbarung<\/span><\/strong><\/a> gebeten.<\/span><\/p>\t\t\t\t\t\t\t\t<\/div>\n\t\t\t\t<\/div>\n\t\t\t\t\t<\/div>\n\t\t<\/div>\n\t\t\t\t\t<\/div>\n\t\t<\/section>\n\t\t\t\t<section class=\"elementor-section elementor-top-section elementor-element elementor-element-eb108ac elementor-section-boxed elementor-section-height-default elementor-section-height-default\" data-id=\"eb108ac\" data-element_type=\"section\" data-e-type=\"section\">\n\t\t\t\t\t\t<div class=\"elementor-container elementor-column-gap-default\">\n\t\t\t\t\t<div class=\"elementor-column elementor-col-100 elementor-top-column elementor-element elementor-element-2ea6f56\" data-id=\"2ea6f56\" data-element_type=\"column\" data-e-type=\"column\">\n\t\t\t<div class=\"elementor-widget-wrap elementor-element-populated\">\n\t\t\t\t\t\t<div class=\"elementor-element elementor-element-b15bd71 elementor-widget elementor-widget-heading\" data-id=\"b15bd71\" data-element_type=\"widget\" data-e-type=\"widget\" data-widget_type=\"heading.default\">\n\t\t\t\t<div class=\"elementor-widget-container\">\n\t\t\t\t\t<h2 class=\"elementor-heading-title elementor-size-default\">Wichtige Hinweise<\/h2>\t\t\t\t<\/div>\n\t\t\t\t<\/div>\n\t\t\t\t<div class=\"elementor-element elementor-element-2041a60 elementor-widget elementor-widget-text-editor\" data-id=\"2041a60\" data-element_type=\"widget\" data-e-type=\"widget\" data-widget_type=\"text-editor.default\">\n\t\t\t\t<div class=\"elementor-widget-container\">\n\t\t\t\t\t\t\t\t\t<p>Ab 2025 hat\u00a0Frau Carola Strobel, Fach\u00e4rztin f\u00fcr Allgemeinmedizin, die Praxis von Dr. Gro\u00dfe-Hering \u00fcbernommen. Dr. Gro\u00dfe-Hering wird weiter als Arzt in der Praxis t\u00e4tig sein.<\/p>\t\t\t\t\t\t\t\t<\/div>\n\t\t\t\t<\/div>\n\t\t\t\t\t<\/div>\n\t\t<\/div>\n\t\t\t\t\t<\/div>\n\t\t<\/section>\n\t\t\t\t<section class=\"elementor-section elementor-top-section elementor-element elementor-element-dffbc21 elementor-section-boxed elementor-section-height-default elementor-section-height-default\" data-id=\"dffbc21\" data-element_type=\"section\" data-e-type=\"section\">\n\t\t\t\t\t\t<div class=\"elementor-container elementor-column-gap-default\">\n\t\t\t\t\t<div class=\"elementor-column elementor-col-100 elementor-top-column elementor-element elementor-element-e80cc3c\" data-id=\"e80cc3c\" data-element_type=\"column\" data-e-type=\"column\">\n\t\t\t<div class=\"elementor-widget-wrap elementor-element-populated\">\n\t\t\t\t\t\t<div class=\"elementor-element elementor-element-5cc37dc elementor-widget elementor-widget-heading\" data-id=\"5cc37dc\" data-element_type=\"widget\" data-e-type=\"widget\" data-widget_type=\"heading.default\">\n\t\t\t\t<div class=\"elementor-widget-container\">\n\t\t\t\t\t<h1 class=\"elementor-heading-title elementor-size-default\">Leistungs\u00fcbersicht<\/h1>\t\t\t\t<\/div>\n\t\t\t\t<\/div>\n\t\t\t\t\t<\/div>\n\t\t<\/div>\n\t\t\t\t\t<\/div>\n\t\t<\/section>\n\t\t\t\t<section class=\"elementor-section elementor-top-section elementor-element elementor-element-29a8781 elementor-section-boxed elementor-section-height-default elementor-section-height-default\" data-id=\"29a8781\" data-element_type=\"section\" data-e-type=\"section\" data-settings=\"{&quot;background_background&quot;:&quot;classic&quot;}\">\n\t\t\t\t\t\t<div class=\"elementor-container elementor-column-gap-default\">\n\t\t\t\t\t<div class=\"elementor-column elementor-col-33 elementor-top-column elementor-element elementor-element-418fa0a\" data-id=\"418fa0a\" data-element_type=\"column\" data-e-type=\"column\">\n\t\t\t<div class=\"elementor-widget-wrap elementor-element-populated\">\n\t\t\t\t\t\t<div class=\"elementor-element elementor-element-112360d elementor-position-inline-start elementor-view-default elementor-mobile-position-block-start elementor-widget elementor-widget-icon-box\" data-id=\"112360d\" data-element_type=\"widget\" data-e-type=\"widget\" data-widget_type=\"icon-box.default\">\n\t\t\t\t<div class=\"elementor-widget-container\">\n\t\t\t\t\t\t\t<div class=\"elementor-icon-box-wrapper\">\n\n\t\t\t\t\t\t<div class=\"elementor-icon-box-icon\">\n\t\t\t\t<a href=\"https:\/\/arzt-nandlstadt.de\/?page_id=346\/leistungen#Versorgung\" class=\"elementor-icon\" tabindex=\"-1\" aria-label=\"Haus\u00e4rztliche Versorgung\">\n\t\t\t\t<i aria-hidden=\"true\" class=\"fas fa-stethoscope\"><\/i>\t\t\t\t<\/a>\n\t\t\t<\/div>\n\t\t\t\n\t\t\t\t\t\t<div class=\"elementor-icon-box-content\">\n\n\t\t\t\t\t\t\t\t\t<h3 class=\"elementor-icon-box-title\">\n\t\t\t\t\t\t<a href=\"https:\/\/arzt-nandlstadt.de\/?page_id=346\/leistungen#Versorgung\" >\n\t\t\t\t\t\t\tHaus\u00e4rztliche Versorgung\t\t\t\t\t\t<\/a>\n\t\t\t\t\t<\/h3>\n\t\t\t\t\n\t\t\t\t\t\t\t\t\t<p class=\"elementor-icon-box-description\">\n\t\t\t\t\t\tDiagnose und Therapie aller Erkrankungen aus dem Bereich der Allgemeinmedizin\t\t\t\t\t<\/p>\n\t\t\t\t\n\t\t\t<\/div>\n\t\t\t\n\t\t<\/div>\n\t\t\t\t\t\t<\/div>\n\t\t\t\t<\/div>\n\t\t\t\t\t<\/div>\n\t\t<\/div>\n\t\t\t\t<div class=\"elementor-column elementor-col-33 elementor-top-column elementor-element elementor-element-8e65f4d\" data-id=\"8e65f4d\" data-element_type=\"column\" data-e-type=\"column\">\n\t\t\t<div class=\"elementor-widget-wrap elementor-element-populated\">\n\t\t\t\t\t\t<div class=\"elementor-element elementor-element-d225b9e elementor-position-inline-start elementor-view-default elementor-mobile-position-block-start elementor-widget elementor-widget-icon-box\" data-id=\"d225b9e\" data-element_type=\"widget\" data-e-type=\"widget\" data-widget_type=\"icon-box.default\">\n\t\t\t\t<div class=\"elementor-widget-container\">\n\t\t\t\t\t\t\t<div class=\"elementor-icon-box-wrapper\">\n\n\t\t\t\t\t\t<div class=\"elementor-icon-box-icon\">\n\t\t\t\t<a href=\"https:\/\/arzt-nandlstadt.de\/?page_id=346\/leistungen#Vorsorge\" class=\"elementor-icon\" tabindex=\"-1\" aria-label=\"Spezielle Diagnostik\">\n\t\t\t\t<i class=\"fa fa-heartbeat\" aria-hidden=\"true\"><\/i>\t\t\t\t<\/a>\n\t\t\t<\/div>\n\t\t\t\n\t\t\t\t\t\t<div class=\"elementor-icon-box-content\">\n\n\t\t\t\t\t\t\t\t\t<h3 class=\"elementor-icon-box-title\">\n\t\t\t\t\t\t<a href=\"https:\/\/arzt-nandlstadt.de\/?page_id=346\/leistungen#Vorsorge\" >\n\t\t\t\t\t\t\tSpezielle Diagnostik\t\t\t\t\t\t<\/a>\n\t\t\t\t\t<\/h3>\n\t\t\t\t\n\t\t\t\t\t\t\t\t\t<p class=\"elementor-icon-box-description\">\n\t\t\t\t\t\tEKG<br>Sonographie<br>Lungenfunktion<br>Audiometrie\t\t\t\t\t<\/p>\n\t\t\t\t\n\t\t\t<\/div>\n\t\t\t\n\t\t<\/div>\n\t\t\t\t\t\t<\/div>\n\t\t\t\t<\/div>\n\t\t\t\t\t<\/div>\n\t\t<\/div>\n\t\t\t\t<div class=\"elementor-column elementor-col-33 elementor-top-column elementor-element elementor-element-60e7b67\" data-id=\"60e7b67\" data-element_type=\"column\" data-e-type=\"column\">\n\t\t\t<div class=\"elementor-widget-wrap elementor-element-populated\">\n\t\t\t\t\t\t<div class=\"elementor-element elementor-element-beab1de elementor-position-inline-start elementor-view-default elementor-mobile-position-block-start elementor-widget elementor-widget-icon-box\" data-id=\"beab1de\" data-element_type=\"widget\" data-e-type=\"widget\" data-widget_type=\"icon-box.default\">\n\t\t\t\t<div class=\"elementor-widget-container\">\n\t\t\t\t\t\t\t<div class=\"elementor-icon-box-wrapper\">\n\n\t\t\t\t\t\t<div class=\"elementor-icon-box-icon\">\n\t\t\t\t<a href=\"https:\/\/arzt-nandlstadt.de\/?page_id=346\/leistungen#Bescheinigung\" class=\"elementor-icon\" tabindex=\"-1\" aria-label=\"Bescheinigungen\">\n\t\t\t\t<i class=\"fa fa-pencil-square-o\" aria-hidden=\"true\"><\/i>\t\t\t\t<\/a>\n\t\t\t<\/div>\n\t\t\t\n\t\t\t\t\t\t<div class=\"elementor-icon-box-content\">\n\n\t\t\t\t\t\t\t\t\t<h3 class=\"elementor-icon-box-title\">\n\t\t\t\t\t\t<a href=\"https:\/\/arzt-nandlstadt.de\/?page_id=346\/leistungen#Bescheinigung\" >\n\t\t\t\t\t\t\tBescheinigungen\t\t\t\t\t\t<\/a>\n\t\t\t\t\t<\/h3>\n\t\t\t\t\n\t\t\t\t\t\t\t\t\t<p class=\"elementor-icon-box-description\">\n\t\t\t\t\t\tf\u00fcr \u00f6ffentliche Einrichtungen, Mitarbeiter, Vereine und Versicherungen\t\t\t\t\t<\/p>\n\t\t\t\t\n\t\t\t<\/div>\n\t\t\t\n\t\t<\/div>\n\t\t\t\t\t\t<\/div>\n\t\t\t\t<\/div>\n\t\t\t\t\t<\/div>\n\t\t<\/div>\n\t\t\t\t\t<\/div>\n\t\t<\/section>\n\t\t\t\t<\/div>\n\t\t","protected":false},"excerpt":{"rendered":"<p>Willkommen In der Hausarztpraxis Carola Strobel steht Ihre medizinische Versorgung unter ganzheitlichen Gesichtspunkten im Vordergrund. Verlassen Sie sich auf eine individuelle kompetente Diagnostik, modernste Technik und ein umfangreiches Therapiespektrum. Um eine optimale Versorgung mit geringen Wartezeiten zu erm\u00f6glichen wird um telefonische Terminvereinbarung gebeten. Wichtige Hinweise Ab 2025 hat\u00a0Frau Carola Strobel, Fach\u00e4rztin f\u00fcr Allgemeinmedizin, die Praxis [&hellip;]<\/p>\n","protected":false},"author":1,"featured_media":0,"parent":0,"menu_order":0,"comment_status":"closed","ping_status":"closed","template":"","meta":{"ocean_post_layout":"","ocean_both_sidebars_style":"","ocean_both_sidebars_content_width":0,"ocean_both_sidebars_sidebars_width":0,"ocean_sidebar":"0","ocean_second_sidebar":"0","ocean_disable_margins":"on","ocean_add_body_class":"","ocean_shortcode_before_top_bar":"","ocean_shortcode_after_top_bar":"","ocean_shortcode_before_header":"","ocean_shortcode_after_header":"","ocean_has_shortcode":"","ocean_shortcode_after_title":"","ocean_shortcode_before_footer_widgets":"","ocean_shortcode_after_footer_widgets":"","ocean_shortcode_before_footer_bottom":"","ocean_shortcode_after_footer_bottom":"","ocean_display_top_bar":"default","ocean_display_header":"default","ocean_header_style":"minimal","ocean_center_header_left_menu":"0","ocean_custom_header_template":"0","ocean_custom_logo":0,"ocean_custom_retina_logo":0,"ocean_custom_logo_max_width":0,"ocean_custom_logo_tablet_max_width":0,"ocean_custom_logo_mobile_max_width":0,"ocean_custom_logo_max_height":0,"ocean_custom_logo_tablet_max_height":0,"ocean_custom_logo_mobile_max_height":0,"ocean_header_custom_menu":"0","ocean_menu_typo_font_family":"0","ocean_menu_typo_font_subset":"","ocean_menu_typo_font_size":0,"ocean_menu_typo_font_size_tablet":0,"ocean_menu_typo_font_size_mobile":0,"ocean_menu_typo_font_size_unit":"px","ocean_menu_typo_font_weight":"","ocean_menu_typo_font_weight_tablet":"","ocean_menu_typo_font_weight_mobile":"","ocean_menu_typo_transform":"","ocean_menu_typo_transform_tablet":"","ocean_menu_typo_transform_mobile":"","ocean_menu_typo_line_height":0,"ocean_menu_typo_line_height_tablet":0,"ocean_menu_typo_line_height_mobile":0,"ocean_menu_typo_line_height_unit":"","ocean_menu_typo_spacing":0,"ocean_menu_typo_spacing_tablet":0,"ocean_menu_typo_spacing_mobile":0,"ocean_menu_typo_spacing_unit":"","ocean_menu_link_color":"","ocean_menu_link_color_hover":"","ocean_menu_link_color_active":"","ocean_menu_link_background":"","ocean_menu_link_hover_background":"","ocean_menu_link_active_background":"","ocean_menu_social_links_bg":"","ocean_menu_social_hover_links_bg":"","ocean_menu_social_links_color":"","ocean_menu_social_hover_links_color":"","ocean_disable_title":"on","ocean_disable_heading":"on","ocean_post_title":"","ocean_post_subheading":"","ocean_post_title_style":"background-image","ocean_post_title_background_color":"#890069","ocean_post_title_background":451,"ocean_post_title_bg_image_position":"","ocean_post_title_bg_image_attachment":"","ocean_post_title_bg_image_repeat":"no-repeat","ocean_post_title_bg_image_size":"contain","ocean_post_title_height":400,"ocean_post_title_bg_overlay":0.1,"ocean_post_title_bg_overlay_color":"#ffffff","ocean_disable_breadcrumbs":"default","ocean_breadcrumbs_color":"","ocean_breadcrumbs_separator_color":"","ocean_breadcrumbs_links_color":"","ocean_breadcrumbs_links_hover_color":"","ocean_display_footer_widgets":"default","ocean_display_footer_bottom":"default","ocean_custom_footer_template":"0","footnotes":""},"class_list":["post-2","page","type-page","status-publish","hentry","entry"],"yoast_head":"<!-- This site is optimized with the Yoast SEO plugin v27.5 - https:\/\/yoast.com\/product\/yoast-seo-wordpress\/ -->\n<title>Praxis Carola Strobel<\/title>\n<meta name=\"description\" content=\"Hausarztpraxis in 85405 Nandlstadt, Marktstrasse 15, Tel. 08756 1207, Facharzt f\u00fcr Allgemeinmedizin\" \/>\n<meta name=\"robots\" content=\"index, follow, max-snippet:-1, max-image-preview:large, max-video-preview:-1\" \/>\n<link rel=\"canonical\" href=\"https:\/\/arzt-nandlstadt.de\/\" \/>\n<meta property=\"og:locale\" content=\"de_DE\" \/>\n<meta property=\"og:type\" content=\"article\" \/>\n<meta property=\"og:title\" content=\"Praxis Carola Strobel\" \/>\n<meta property=\"og:description\" content=\"Hausarztpraxis in 85405 Nandlstadt, Marktstrasse 15, Tel. 08756 1207, Facharzt f\u00fcr Allgemeinmedizin\" \/>\n<meta property=\"og:url\" content=\"https:\/\/arzt-nandlstadt.de\/\" \/>\n<meta property=\"og:site_name\" content=\"Praxis Carola Strobel\" \/>\n<meta property=\"article:modified_time\" content=\"2024-12-31T19:19:29+00:00\" \/>\n<meta property=\"og:image\" content=\"https:\/\/arzt-nandlstadt.de\/wp-content\/uploads\/2024\/11\/Strobel_GH_01.jpg\" \/>\n\t<meta property=\"og:image:width\" content=\"1872\" \/>\n\t<meta property=\"og:image:height\" content=\"1474\" \/>\n\t<meta property=\"og:image:type\" content=\"image\/jpeg\" \/>\n<meta name=\"twitter:card\" content=\"summary_large_image\" \/>\n<meta name=\"twitter:label1\" content=\"Gesch\u00e4tzte Lesezeit\" \/>\n\t<meta name=\"twitter:data1\" content=\"1\u00a0Minute\" \/>\n<script type=\"application\/ld+json\" class=\"yoast-schema-graph\">{\"@context\":\"https:\\\/\\\/schema.org\",\"@graph\":[{\"@type\":\"WebPage\",\"@id\":\"https:\\\/\\\/arzt-nandlstadt.de\\\/\",\"url\":\"https:\\\/\\\/arzt-nandlstadt.de\\\/\",\"name\":\"Praxis Carola Strobel\",\"isPartOf\":{\"@id\":\"https:\\\/\\\/arzt-nandlstadt.de\\\/#website\"},\"primaryImageOfPage\":{\"@id\":\"https:\\\/\\\/arzt-nandlstadt.de\\\/#primaryimage\"},\"image\":{\"@id\":\"https:\\\/\\\/arzt-nandlstadt.de\\\/#primaryimage\"},\"thumbnailUrl\":\"https:\\\/\\\/arzt-nandlstadt.de\\\/wp-content\\\/uploads\\\/2024\\\/11\\\/Strobel_GH_01-1024x806.jpg\",\"datePublished\":\"2019-02-11T15:31:24+00:00\",\"dateModified\":\"2024-12-31T19:19:29+00:00\",\"description\":\"Hausarztpraxis in 85405 Nandlstadt, Marktstrasse 15, Tel. 08756 1207, Facharzt f\u00fcr Allgemeinmedizin\",\"breadcrumb\":{\"@id\":\"https:\\\/\\\/arzt-nandlstadt.de\\\/#breadcrumb\"},\"inLanguage\":\"de\",\"potentialAction\":[{\"@type\":\"ReadAction\",\"target\":[\"https:\\\/\\\/arzt-nandlstadt.de\\\/\"]}]},{\"@type\":\"ImageObject\",\"inLanguage\":\"de\",\"@id\":\"https:\\\/\\\/arzt-nandlstadt.de\\\/#primaryimage\",\"url\":\"https:\\\/\\\/arzt-nandlstadt.de\\\/wp-content\\\/uploads\\\/2024\\\/11\\\/Strobel_GH_01.jpg\",\"contentUrl\":\"https:\\\/\\\/arzt-nandlstadt.de\\\/wp-content\\\/uploads\\\/2024\\\/11\\\/Strobel_GH_01.jpg\",\"width\":1872,\"height\":1474},{\"@type\":\"BreadcrumbList\",\"@id\":\"https:\\\/\\\/arzt-nandlstadt.de\\\/#breadcrumb\",\"itemListElement\":[{\"@type\":\"ListItem\",\"position\":1,\"name\":\"Startseite\",\"item\":\"https:\\\/\\\/arzt-nandlstadt.de\\\/\"},{\"@type\":\"ListItem\",\"position\":2,\"name\":\"Start\"}]},{\"@type\":\"WebSite\",\"@id\":\"https:\\\/\\\/arzt-nandlstadt.de\\\/#website\",\"url\":\"https:\\\/\\\/arzt-nandlstadt.de\\\/\",\"name\":\"Praxis Carola Strobel\",\"description\":\"Hausarztpraxis in 85405 Nandlstadt  - Fach\u00e4rztin f\u00fcr Allgemeinmedizin\",\"publisher\":{\"@id\":\"https:\\\/\\\/arzt-nandlstadt.de\\\/#organization\"},\"potentialAction\":[{\"@type\":\"SearchAction\",\"target\":{\"@type\":\"EntryPoint\",\"urlTemplate\":\"https:\\\/\\\/arzt-nandlstadt.de\\\/?s={search_term_string}\"},\"query-input\":{\"@type\":\"PropertyValueSpecification\",\"valueRequired\":true,\"valueName\":\"search_term_string\"}}],\"inLanguage\":\"de\"},{\"@type\":\"Organization\",\"@id\":\"https:\\\/\\\/arzt-nandlstadt.de\\\/#organization\",\"name\":\"Praxis Dr. med. Michael Gro\u00dfe-Hering\",\"url\":\"https:\\\/\\\/arzt-nandlstadt.de\\\/\",\"logo\":{\"@type\":\"ImageObject\",\"inLanguage\":\"de\",\"@id\":\"https:\\\/\\\/arzt-nandlstadt.de\\\/#\\\/schema\\\/logo\\\/image\\\/\",\"url\":\"https:\\\/\\\/arzt-nandlstadt.de\\\/wp-content\\\/uploads\\\/2019\\\/02\\\/cropped-Logofarbe-e1550183485440.png\",\"contentUrl\":\"https:\\\/\\\/arzt-nandlstadt.de\\\/wp-content\\\/uploads\\\/2019\\\/02\\\/cropped-Logofarbe-e1550183485440.png\",\"width\":512,\"height\":512,\"caption\":\"Praxis Dr. med. Michael Gro\u00dfe-Hering\"},\"image\":{\"@id\":\"https:\\\/\\\/arzt-nandlstadt.de\\\/#\\\/schema\\\/logo\\\/image\\\/\"}}]}<\/script>\n<!-- \/ Yoast SEO plugin. -->","yoast_head_json":{"title":"Praxis Carola Strobel","description":"Hausarztpraxis in 85405 Nandlstadt, Marktstrasse 15, Tel. 08756 1207, Facharzt f\u00fcr Allgemeinmedizin","robots":{"index":"index","follow":"follow","max-snippet":"max-snippet:-1","max-image-preview":"max-image-preview:large","max-video-preview":"max-video-preview:-1"},"canonical":"https:\/\/arzt-nandlstadt.de\/","og_locale":"de_DE","og_type":"article","og_title":"Praxis Carola Strobel","og_description":"Hausarztpraxis in 85405 Nandlstadt, Marktstrasse 15, Tel. 08756 1207, Facharzt f\u00fcr Allgemeinmedizin","og_url":"https:\/\/arzt-nandlstadt.de\/","og_site_name":"Praxis Carola Strobel","article_modified_time":"2024-12-31T19:19:29+00:00","og_image":[{"width":1872,"height":1474,"url":"https:\/\/arzt-nandlstadt.de\/wp-content\/uploads\/2024\/11\/Strobel_GH_01.jpg","type":"image\/jpeg"}],"twitter_card":"summary_large_image","twitter_misc":{"Gesch\u00e4tzte Lesezeit":"1\u00a0Minute"},"schema":{"@context":"https:\/\/schema.org","@graph":[{"@type":"WebPage","@id":"https:\/\/arzt-nandlstadt.de\/","url":"https:\/\/arzt-nandlstadt.de\/","name":"Praxis Carola Strobel","isPartOf":{"@id":"https:\/\/arzt-nandlstadt.de\/#website"},"primaryImageOfPage":{"@id":"https:\/\/arzt-nandlstadt.de\/#primaryimage"},"image":{"@id":"https:\/\/arzt-nandlstadt.de\/#primaryimage"},"thumbnailUrl":"https:\/\/arzt-nandlstadt.de\/wp-content\/uploads\/2024\/11\/Strobel_GH_01-1024x806.jpg","datePublished":"2019-02-11T15:31:24+00:00","dateModified":"2024-12-31T19:19:29+00:00","description":"Hausarztpraxis in 85405 Nandlstadt, Marktstrasse 15, Tel. 08756 1207, Facharzt f\u00fcr Allgemeinmedizin","breadcrumb":{"@id":"https:\/\/arzt-nandlstadt.de\/#breadcrumb"},"inLanguage":"de","potentialAction":[{"@type":"ReadAction","target":["https:\/\/arzt-nandlstadt.de\/"]}]},{"@type":"ImageObject","inLanguage":"de","@id":"https:\/\/arzt-nandlstadt.de\/#primaryimage","url":"https:\/\/arzt-nandlstadt.de\/wp-content\/uploads\/2024\/11\/Strobel_GH_01.jpg","contentUrl":"https:\/\/arzt-nandlstadt.de\/wp-content\/uploads\/2024\/11\/Strobel_GH_01.jpg","width":1872,"height":1474},{"@type":"BreadcrumbList","@id":"https:\/\/arzt-nandlstadt.de\/#breadcrumb","itemListElement":[{"@type":"ListItem","position":1,"name":"Startseite","item":"https:\/\/arzt-nandlstadt.de\/"},{"@type":"ListItem","position":2,"name":"Start"}]},{"@type":"WebSite","@id":"https:\/\/arzt-nandlstadt.de\/#website","url":"https:\/\/arzt-nandlstadt.de\/","name":"Praxis Carola Strobel","description":"Hausarztpraxis in 85405 Nandlstadt  - Fach\u00e4rztin f\u00fcr Allgemeinmedizin","publisher":{"@id":"https:\/\/arzt-nandlstadt.de\/#organization"},"potentialAction":[{"@type":"SearchAction","target":{"@type":"EntryPoint","urlTemplate":"https:\/\/arzt-nandlstadt.de\/?s={search_term_string}"},"query-input":{"@type":"PropertyValueSpecification","valueRequired":true,"valueName":"search_term_string"}}],"inLanguage":"de"},{"@type":"Organization","@id":"https:\/\/arzt-nandlstadt.de\/#organization","name":"Praxis Dr. med. Michael Gro\u00dfe-Hering","url":"https:\/\/arzt-nandlstadt.de\/","logo":{"@type":"ImageObject","inLanguage":"de","@id":"https:\/\/arzt-nandlstadt.de\/#\/schema\/logo\/image\/","url":"https:\/\/arzt-nandlstadt.de\/wp-content\/uploads\/2019\/02\/cropped-Logofarbe-e1550183485440.png","contentUrl":"https:\/\/arzt-nandlstadt.de\/wp-content\/uploads\/2019\/02\/cropped-Logofarbe-e1550183485440.png","width":512,"height":512,"caption":"Praxis Dr. med. Michael Gro\u00dfe-Hering"},"image":{"@id":"https:\/\/arzt-nandlstadt.de\/#\/schema\/logo\/image\/"}}]}},"_links":{"self":[{"href":"https:\/\/arzt-nandlstadt.de\/index.php?rest_route=\/wp\/v2\/pages\/2","targetHints":{"allow":["GET"]}}],"collection":[{"href":"https:\/\/arzt-nandlstadt.de\/index.php?rest_route=\/wp\/v2\/pages"}],"about":[{"href":"https:\/\/arzt-nandlstadt.de\/index.php?rest_route=\/wp\/v2\/types\/page"}],"author":[{"embeddable":true,"href":"https:\/\/arzt-nandlstadt.de\/index.php?rest_route=\/wp\/v2\/users\/1"}],"replies":[{"embeddable":true,"href":"https:\/\/arzt-nandlstadt.de\/index.php?rest_route=%2Fwp%2Fv2%2Fcomments&post=2"}],"version-history":[{"count":275,"href":"https:\/\/arzt-nandlstadt.de\/index.php?rest_route=\/wp\/v2\/pages\/2\/revisions"}],"predecessor-version":[{"id":16136,"href":"https:\/\/arzt-nandlstadt.de\/index.php?rest_route=\/wp\/v2\/pages\/2\/revisions\/16136"}],"wp:attachment":[{"href":"https:\/\/arzt-nandlstadt.de\/index.php?rest_route=%2Fwp%2Fv2%2Fmedia&parent=2"}],"curies":[{"name":"wp","href":"https:\/\/api.w.org\/{rel}","templated":true}]}}